{"id":1125,"date":"2011-04-01T11:23:13","date_gmt":"2011-04-01T11:23:13","guid":{"rendered":"http:\/\/www.gace.fr\/?page_id=1125"},"modified":"2011-04-01T11:23:13","modified_gmt":"2011-04-01T11:23:13","slug":"historique-du-tahiti","status":"publish","type":"page","link":"https:\/\/www.gace.fr\/?page_id=1125","title":{"rendered":"Historique du \u00ab\u00a0Tahiti\u00a0\u00bb"},"content":{"rendered":"<p><span style=\"text-decoration: underline;\"><strong><a href=\"https:\/\/www.gace.fr\/wp-content\/uploads\/Tahiti-0041.jpg\"><img loading=\"lazy\" decoding=\"async\" class=\"alignleft size-large wp-image-1129\" title=\"Tahiti 004\" src=\"https:\/\/www.gace.fr\/wp-content\/uploads\/Tahiti-0041-560x269.jpg\" alt=\"\" width=\"500\" height=\"240\" srcset=\"https:\/\/www.gace.fr\/wp-content\/uploads\/Tahiti-0041-560x269.jpg 560w, https:\/\/www.gace.fr\/wp-content\/uploads\/Tahiti-0041-300x144.jpg 300w\" sizes=\"auto, (max-width: 500px) 100vw, 500px\" \/><\/a><span style=\"color: #008000;\">GACE ET LE TAHITI<\/span><\/strong><\/span><\/p>\n<p>Quand la guerre 1939-1945 fut termin\u00e9e, et que les relations normales purent \u00eatre \u00e9tablies entre la m\u00e9tropole et ce qu\u2019on appelait alors ses colonies, il fut sugg\u00e9r\u00e9 \u00e0 ces territoires lointains d\u2019adopter une ville sinistr\u00e9e de France.<\/p>\n<p>Gac\u00e9, premi\u00e8re ville de l\u2019Orne sinistr\u00e9e (d\u00e9truite deux fois, la premi\u00e8re fois en 1940, la seconde fois en 1944) pouvait donc \u00eatre \u00ab\u00a0adopt\u00e9e\u00a0\u00bb\u2026<\/p>\n<p>Or, il se trouvait que Monsieur Alexis BIENVENU, le p\u00e8re du maire de Gac\u00e9 tout juste \u00e9lu en 1945 (Jean BIENVENU) venait de rentrer de Tahiti. Parti en 1938 pour \u00ab\u00a0vivre l\u2019aventure\u00a0\u00bb,il n\u2019avait pu rentrer en France, \u00e0 cause de la d\u00e9claration de la guerre. Ce fut donc pendant sept ans qu\u2019il v\u00e9cut l\u00e0-bas (surtout aux \u00eeles marquises), et qu\u2019il\u00a0 se fit beaucoup de relations\u2026 (En particulier le directeur de l\u2019\u00e9cole des fr\u00e8res de Plo\u00ebrmel qui connaissait bien Gac\u00e9). Alexis BIENVENU (aid\u00e9 de ce dernier) fut un avocat efficace. Et\u2026 Gac\u00e9 fut adopt\u00e9e par Tahiti.<\/p>\n<p>L\u2019Ile pour aider sa filleule organisa des f\u00eates, des soir\u00e9es de gala, des rencontres sportives, des taxes sur les spectacles furent \u00e9tablies, une subvention fut vot\u00e9e\u2026 Ces sommes venues de l\u2019\u00eele lointaine permirent de faire \u00ab\u00a0rena\u00eetre\u00a0\u00bb Gac\u00e9.<\/p>\n<p>Pour remercier sa \u00ab\u00a0marraine\u00a0\u00bb, quelques v\u00e9n\u00e9rables bouteilles de calvados furent envoy\u00e9es sur l\u2019\u00eele\u00a0!! (malgr\u00e9 la campagne qui alors faisait tout pour lutter contre l\u2019introduction d\u2019alcools dans les \u00eeles\u2026)<\/p>\n<p>Mais surtout le Conseil Municipal de Gac\u00e9 d\u00e9cida que la toute nouvelle et la plus belle rue de la ville porterait le nom \u00ab\u00a0d\u2019Avenue de Tahiti\u00a0\u00bb.<\/p>\n<p>Cette avenue fut inaugur\u00e9e en ao\u00fbt 1950 par le ministre de la reconstruction et par des f\u00eates \u00e9gay\u00e9es par des Tahitiens et des Tahitiennes qui apport\u00e8rent leur entrain, leur joie de vivre et cr\u00e9\u00e8rent \u2013 selon plusieurs t\u00e9moignages \u2013 quelques troubles dans certains foyers gac\u00e9ens\u2026\u00a0!!!<\/p>\n<p>Il n\u2019y a pas si longtemps encore, (quand existait \u00e0 Alen\u00e7on, la caserne r\u00e9serv\u00e9e aux recrues venant d\u2019outre mer) on pouvait voir de jeunes tahitiens se faire prendre en photo devant \u00ab\u00a0Le Tahiti\u00a0\u00bb &#8211; Salle inaugur\u00e9e en ao\u00fbt 1966 par le secr\u00e9taire d\u2019\u00e9tat aux affaires \u00e9trang\u00e8res Jean de BROGLIE (mort abattu myst\u00e9rieusement dans une rue, \u00e0 Paris\u2026) mais seulement ouverte au public en 1967. Salle qui se trouve, bien s\u00fbr, en bordure de l\u2019Avenue de Tahiti.<\/p>\n<p>P.S\u00a0: La somme allou\u00e9e \u00e0 la ville de Gac\u00e9 par Tahiti faillit \u00eatre \u00ab\u00a0subtilis\u00e9e\u00a0\u00bb par un maire d\u2019une ville de Bretagne\u2026 Heureusement Monsieur BIENVENU intervint aupr\u00e8s du ministre de la reconstruction. Mais \u00ab\u00a0la poire\u00a0\u00bb fut coup\u00e9e en deux et Gac\u00e9 n\u2019obtint que la moiti\u00e9 de la somme pr\u00e9vue\u00a0\u00bb\u2026\u00a0<\/p>\n<p style=\"text-align: right;\"><strong>J. Marie CHOULET<\/strong><\/p>\n","protected":false},"excerpt":{"rendered":"<p>GACE ET LE TAHITI Quand la guerre 1939-1945 fut termin\u00e9e, et que les relations normales purent \u00eatre \u00e9tablies entre la m\u00e9tropole et ce qu\u2019on appelait alors ses colonies, il fut sugg\u00e9r\u00e9 \u00e0 ces territoires lointains d\u2019adopter une ville sinistr\u00e9e de France. Gac\u00e9, premi\u00e8re ville de l\u2019Orne sinistr\u00e9e (d\u00e9truite deux fois, la premi\u00e8re fois en 1940, &hellip; <\/p>\n<p><a class=\"more-link btn\" href=\"https:\/\/www.gace.fr\/?page_id=1125\">Lire la suite<\/a><\/p>\n","protected":false},"author":10,"featured_media":0,"parent":794,"menu_order":2,"comment_status":"closed","ping_status":"closed","template":"template-onecolumn.php","meta":{"footnotes":""},"class_list":["post-1125","page","type-page","status-publish","hentry","nodate","item-wrap"],"_links":{"self":[{"href":"https:\/\/www.gace.fr\/index.php?rest_route=\/wp\/v2\/pages\/1125","targetHints":{"allow":["GET"]}}],"collection":[{"href":"https:\/\/www.gace.fr\/index.php?rest_route=\/wp\/v2\/pages"}],"about":[{"href":"https:\/\/www.gace.fr\/index.php?rest_route=\/wp\/v2\/types\/page"}],"author":[{"embeddable":true,"href":"https:\/\/www.gace.fr\/index.php?rest_route=\/wp\/v2\/users\/10"}],"replies":[{"embeddable":true,"href":"https:\/\/www.gace.fr\/index.php?rest_route=%2Fwp%2Fv2%2Fcomments&post=1125"}],"version-history":[{"count":4,"href":"https:\/\/www.gace.fr\/index.php?rest_route=\/wp\/v2\/pages\/1125\/revisions"}],"predecessor-version":[{"id":1131,"href":"https:\/\/www.gace.fr\/index.php?rest_route=\/wp\/v2\/pages\/1125\/revisions\/1131"}],"up":[{"embeddable":true,"href":"https:\/\/www.gace.fr\/index.php?rest_route=\/wp\/v2\/pages\/794"}],"wp:attachment":[{"href":"https:\/\/www.gace.fr\/index.php?rest_route=%2Fwp%2Fv2%2Fmedia&parent=1125"}],"curies":[{"name":"wp","href":"https:\/\/api.w.org\/{rel}","templated":true}]}}