{"id":1224,"date":"2011-04-07T14:12:10","date_gmt":"2011-04-07T14:12:10","guid":{"rendered":"http:\/\/www.gace.fr\/?page_id=1224"},"modified":"2021-06-11T07:15:36","modified_gmt":"2021-06-11T07:15:36","slug":"musee-des-mineraux-et-des-fossiles","status":"publish","type":"page","link":"https:\/\/www.gace.fr\/?page_id=1224","title":{"rendered":"Mus\u00e9e des Min\u00e9raux et des Fossiles"},"content":{"rendered":"<h1 style=\"text-align: center;\"><span style=\"color: #800000;\">Le Mus\u00e9e des Min\u00e9raux &amp; Fossiles<a href=\"https:\/\/www.gace.fr\/wp-content\/uploads\/Fossile1.gif\"><img loading=\"lazy\" decoding=\"async\" class=\"alignright size-full wp-image-1600\" title=\"Fossile\" src=\"https:\/\/www.gace.fr\/wp-content\/uploads\/Fossile1.gif\" alt=\"\" width=\"280\" height=\"218\" \/><\/a><\/span><\/h1>\n<h3>Ouvert les mercredis et samedis de 14h \u00e0 17h \u00a0toute l&rsquo;ann\u00e9e sur rendez-vous au 02-33-35-51-98<\/h3>\n<h3>Entr\u00e9e : 2\u20ac (tarif r\u00e9duit pour les moins de 15 ans)<\/h3>\n<h1 style=\"text-align: center;\"><\/h1>\n<h1 style=\"text-align: center;\"><span style=\"text-decoration: underline;\"><span style=\"color: #800000;\">Plus de 50 ans de collection, d&rsquo;\u00e9changes et de passion&#8230;<\/span><\/span><\/h1>\n<h3 style=\"text-align: justify;\"><a href=\"https:\/\/www.gace.fr\/wp-content\/uploads\/Image32.gif\"><img loading=\"lazy\" decoding=\"async\" class=\"alignleft size-full wp-image-1601\" title=\"Image3\" src=\"https:\/\/www.gace.fr\/wp-content\/uploads\/Image32.gif\" alt=\"\" width=\"280\" height=\"210\" \/><\/a>Le Mus\u00e9e des min\u00e9raux et fossiles est l&rsquo;oeuvre de Michel Brodin, un passionn\u00e9 de \u00ab\u00a0pierres\u00a0\u00bb qui depuis sa prime jeunesse recherche, collectionne, ach\u00e8te, \u00e9change de \u00ab\u00a0petites merveilles\u00a0\u00bb pour beaucoup issues<span style=\"color: #800000;\"><a href=\"https:\/\/www.gace.fr\/wp-content\/uploads\/Fossiles1.gif\"><img loading=\"lazy\" decoding=\"async\" class=\"alignright size-full wp-image-1602\" title=\"Fossiles\" src=\"https:\/\/www.gace.fr\/wp-content\/uploads\/Fossiles1.gif\" alt=\"\" width=\"280\" height=\"218\" \/><\/a><\/span> de notre Normandie.<\/h3>\n<h3 style=\"text-align: justify;\">Encourag\u00e9 et soutenu par la Ville de Gac\u00e9, il pr\u00e9sente, aujourd&rsquo;hui, au public, le fruit de ses acquisitions expos\u00e9es dans de nombreuses vitrines. La vision de ces min\u00e9raux et fossiles dans leurs diff\u00e9rents stades de cristallisation, avec leurs couleurs si chatoyantes, leurs formes, leurs aspects si particuliers, ravira le visiteur qu&rsquo;il soit\u00a0ou non connaisseur. Quant \u00e0 leur histoire, qui est aussi bien s\u00fbr la n\u00f4tre, Michel Brodin se fera un plaisir de vous en d\u00e9voiler quelques myst\u00e8res.<\/h3>\n","protected":false},"excerpt":{"rendered":"<p>Le Mus\u00e9e des Min\u00e9raux &amp; Fossiles Ouvert les mercredis et samedis de 14h \u00e0 17h \u00a0toute l&rsquo;ann\u00e9e sur rendez-vous au 02-33-35-51-98 Entr\u00e9e : 2\u20ac (tarif r\u00e9duit pour les moins de 15 ans) Plus de 50 ans de collection, d&rsquo;\u00e9changes et de passion&#8230; Le Mus\u00e9e des min\u00e9raux et fossiles est l&rsquo;oeuvre de Michel Brodin, un passionn\u00e9 &hellip; <\/p>\n<p><a class=\"more-link btn\" href=\"https:\/\/www.gace.fr\/?page_id=1224\">Lire la suite<\/a><\/p>\n","protected":false},"author":10,"featured_media":0,"parent":794,"menu_order":3,"comment_status":"closed","ping_status":"closed","template":"template-onecolumn.php","meta":{"footnotes":""},"class_list":["post-1224","page","type-page","status-publish","hentry","nodate","item-wrap"],"_links":{"self":[{"href":"https:\/\/www.gace.fr\/index.php?rest_route=\/wp\/v2\/pages\/1224","targetHints":{"allow":["GET"]}}],"collection":[{"href":"https:\/\/www.gace.fr\/index.php?rest_route=\/wp\/v2\/pages"}],"about":[{"href":"https:\/\/www.gace.fr\/index.php?rest_route=\/wp\/v2\/types\/page"}],"author":[{"embeddable":true,"href":"https:\/\/www.gace.fr\/index.php?rest_route=\/wp\/v2\/users\/10"}],"replies":[{"embeddable":true,"href":"https:\/\/www.gace.fr\/index.php?rest_route=%2Fwp%2Fv2%2Fcomments&post=1224"}],"version-history":[{"count":20,"href":"https:\/\/www.gace.fr\/index.php?rest_route=\/wp\/v2\/pages\/1224\/revisions"}],"predecessor-version":[{"id":7882,"href":"https:\/\/www.gace.fr\/index.php?rest_route=\/wp\/v2\/pages\/1224\/revisions\/7882"}],"up":[{"embeddable":true,"href":"https:\/\/www.gace.fr\/index.php?rest_route=\/wp\/v2\/pages\/794"}],"wp:attachment":[{"href":"https:\/\/www.gace.fr\/index.php?rest_route=%2Fwp%2Fv2%2Fmedia&parent=1224"}],"curies":[{"name":"wp","href":"https:\/\/api.w.org\/{rel}","templated":true}]}}