{"id":1617,"date":"2011-09-05T09:31:37","date_gmt":"2011-09-05T09:31:37","guid":{"rendered":"http:\/\/www.gace.fr\/?page_id=1617"},"modified":"2025-12-22T14:19:05","modified_gmt":"2025-12-22T14:19:05","slug":"commerces-industries-artisans","status":"publish","type":"page","link":"https:\/\/www.gace.fr\/?page_id=1617","title":{"rendered":"Commerces &#8211; Industries &#8211; Artisans"},"content":{"rendered":"<h2 style=\"text-align: center;\"><strong><span style=\"text-decoration: underline;\"><span style=\"color: #660000;\">Voici la liste des commerces, industries et entreprises de la commune de Gac\u00e9<\/span><\/span><\/strong>.<\/h2>\n<h3 style=\"text-align: center;\">Pour t\u00e9l\u00e9charger cette liste : <a href=\"https:\/\/www.gace.fr\/wp-content\/uploads\/LISTE-COMMERCANTS-ET-ARTISANS.pdf\">LISTE COMMERCANTS ET ARTISANS<\/a><\/h3>\n<p>&nbsp;<\/p>\n","protected":false},"excerpt":{"rendered":"<p>Voici la liste des commerces, industries et entreprises de la commune de Gac\u00e9. Pour t\u00e9l\u00e9charger cette liste : LISTE COMMERCANTS ET ARTISANS &nbsp;<\/p>\n","protected":false},"author":10,"featured_media":0,"parent":792,"menu_order":1,"comment_status":"closed","ping_status":"closed","template":"template-onecolumn.php","meta":{"footnotes":""},"class_list":["post-1617","page","type-page","status-publish","hentry","nodate","item-wrap"],"_links":{"self":[{"href":"https:\/\/www.gace.fr\/index.php?rest_route=\/wp\/v2\/pages\/1617","targetHints":{"allow":["GET"]}}],"collection":[{"href":"https:\/\/www.gace.fr\/index.php?rest_route=\/wp\/v2\/pages"}],"about":[{"href":"https:\/\/www.gace.fr\/index.php?rest_route=\/wp\/v2\/types\/page"}],"author":[{"embeddable":true,"href":"https:\/\/www.gace.fr\/index.php?rest_route=\/wp\/v2\/users\/10"}],"replies":[{"embeddable":true,"href":"https:\/\/www.gace.fr\/index.php?rest_route=%2Fwp%2Fv2%2Fcomments&post=1617"}],"version-history":[{"count":50,"href":"https:\/\/www.gace.fr\/index.php?rest_route=\/wp\/v2\/pages\/1617\/revisions"}],"predecessor-version":[{"id":11202,"href":"https:\/\/www.gace.fr\/index.php?rest_route=\/wp\/v2\/pages\/1617\/revisions\/11202"}],"up":[{"embeddable":true,"href":"https:\/\/www.gace.fr\/index.php?rest_route=\/wp\/v2\/pages\/792"}],"wp:attachment":[{"href":"https:\/\/www.gace.fr\/index.php?rest_route=%2Fwp%2Fv2%2Fmedia&parent=1617"}],"curies":[{"name":"wp","href":"https:\/\/api.w.org\/{rel}","templated":true}]}}