{"id":1625,"date":"2011-09-08T09:37:24","date_gmt":"2011-09-08T09:37:24","guid":{"rendered":"http:\/\/www.gace.fr\/?page_id=1625"},"modified":"2024-04-30T14:23:29","modified_gmt":"2024-04-30T14:23:29","slug":"marches","status":"publish","type":"page","link":"https:\/\/www.gace.fr\/?page_id=1625","title":{"rendered":"March\u00e9"},"content":{"rendered":"<h2 style=\"text-align: center;\"><span style=\"color: #000000;\">\u00a0<span style=\"text-decoration: underline;\"><strong>March\u00e9s hebdomadaires <\/strong><\/span><\/span><\/h2>\n<h2 style=\"text-align: center;\"><strong><span style=\"color: #ff0000;\">tous les jeudis de 9h00 \u00e0 13h00 <\/span><\/strong><\/h2>\n<h3 style=\"text-align: center;\"><strong>Place de la Lib\u00e9ration \u00e0 Gac\u00e9<\/strong><\/h3>\n<p style=\"text-align: center;\"><strong>droit de gratuit\u00e9 pour 2023 du droit de place et du branchement \u00e9lectrique.<\/strong><\/p>\n<p style=\"text-align: center;\"><strong>Renseignement au : 02-33-35-50-24<\/strong><\/p>\n<p><a href=\"https:\/\/www.gace.fr\/wp-content\/uploads\/March\u00e9.gif\"><img loading=\"lazy\" decoding=\"async\" class=\"aligncenter size-full wp-image-1627\" title=\"March\u00e9\" src=\"https:\/\/www.gace.fr\/wp-content\/uploads\/March\u00e9.gif\" alt=\"\" width=\"431\" height=\"323\" srcset=\"https:\/\/www.gace.fr\/wp-content\/uploads\/March\u00e9.gif 431w, https:\/\/www.gace.fr\/wp-content\/uploads\/March\u00e9-300x224.gif 300w\" sizes=\"auto, (max-width: 431px) 100vw, 431px\" \/><\/a><\/p>\n<p style=\"text-align: center;\">\u00a0<strong>\u00a0<\/strong><\/p>\n","protected":false},"excerpt":{"rendered":"<p>\u00a0March\u00e9s hebdomadaires tous les jeudis de 9h00 \u00e0 13h00 Place de la Lib\u00e9ration \u00e0 Gac\u00e9 droit de gratuit\u00e9 pour 2023 du droit de place et du branchement \u00e9lectrique. Renseignement au : 02-33-35-50-24 \u00a0\u00a0<\/p>\n","protected":false},"author":10,"featured_media":0,"parent":120,"menu_order":1,"comment_status":"closed","ping_status":"closed","template":"template-onecolumn.php","meta":{"footnotes":""},"class_list":["post-1625","page","type-page","status-publish","hentry","nodate","item-wrap"],"_links":{"self":[{"href":"https:\/\/www.gace.fr\/index.php?rest_route=\/wp\/v2\/pages\/1625","targetHints":{"allow":["GET"]}}],"collection":[{"href":"https:\/\/www.gace.fr\/index.php?rest_route=\/wp\/v2\/pages"}],"about":[{"href":"https:\/\/www.gace.fr\/index.php?rest_route=\/wp\/v2\/types\/page"}],"author":[{"embeddable":true,"href":"https:\/\/www.gace.fr\/index.php?rest_route=\/wp\/v2\/users\/10"}],"replies":[{"embeddable":true,"href":"https:\/\/www.gace.fr\/index.php?rest_route=%2Fwp%2Fv2%2Fcomments&post=1625"}],"version-history":[{"count":10,"href":"https:\/\/www.gace.fr\/index.php?rest_route=\/wp\/v2\/pages\/1625\/revisions"}],"predecessor-version":[{"id":10191,"href":"https:\/\/www.gace.fr\/index.php?rest_route=\/wp\/v2\/pages\/1625\/revisions\/10191"}],"up":[{"embeddable":true,"href":"https:\/\/www.gace.fr\/index.php?rest_route=\/wp\/v2\/pages\/120"}],"wp:attachment":[{"href":"https:\/\/www.gace.fr\/index.php?rest_route=%2Fwp%2Fv2%2Fmedia&parent=1625"}],"curies":[{"name":"wp","href":"https:\/\/api.w.org\/{rel}","templated":true}]}}