{"id":1779,"date":"2011-11-23T09:46:50","date_gmt":"2011-11-23T09:46:50","guid":{"rendered":"http:\/\/www.gace.fr\/?page_id=1779"},"modified":"2026-04-21T11:26:25","modified_gmt":"2026-04-21T11:26:25","slug":"autres-services-et-administrations","status":"publish","type":"page","link":"https:\/\/www.gace.fr\/?page_id=1779","title":{"rendered":"Autres services et administrations"},"content":{"rendered":"<h2 style=\"text-align: center;\"><span style=\"color: #0000ff; text-decoration: underline;\">Gendarmerie<\/span><\/h2>\n<p style=\"text-align: center;\">25 rue Apollo XI<br \/>\nComposez le 17<\/p>\n<p style=\"text-align: center;\">Capitaine : Monsieur Richard MILLE<\/p>\n<h2 style=\"text-align: center;\"><span style=\"color: #0000ff; text-decoration: underline;\">Pompiers<\/span><\/h2>\n<p style=\"text-align: center;\">Rue du 19 mars.<br \/>\nComposez le 18<\/p>\n<p style=\"text-align: center;\">Lieutenant : Monsieur J\u00e9r\u00f4me GAUTIER<\/p>\n<h2 style=\"text-align: center;\"><span style=\"color: #0000ff; text-decoration: underline;\">SAMU<\/span><\/h2>\n<p style=\"text-align: center;\">Composez le 15<\/p>\n<h2 style=\"text-align: center;\"><span style=\"color: #0000ff; text-decoration: underline;\">Urgence Mobile<\/span><\/h2>\n<p style=\"text-align: center;\">Composez le 112<\/p>\n<h2 style=\"text-align: center;\"><span style=\"text-decoration: underline;\"><span style=\"color: #0000ff; text-decoration: underline;\">Urgence Sociale<\/span><\/span><\/h2>\n<p style=\"text-align: center;\">Composez le 115<\/p>\n<h2 style=\"text-align: center;\"><span style=\"text-decoration: underline;\"><span style=\"color: #0000ff; text-decoration: underline;\">UNA<\/span><\/span><\/h2>\n<p style=\"text-align: center;\">Si\u00e8ge de l&rsquo;Aigle : 02-33-34-55-40.<\/p>\n<p style=\"text-align: center;\">B\u00e2timent Administratif , rue de Manet \u00e0 Gac\u00e9 \u00a002-33-36-22-41<\/p>\n<h2 style=\"text-align: center;\"><span style=\"color: #0000ff; text-decoration: underline;\">Bureau de Poste<\/span><\/h2>\n<p style=\"text-align: center;\">Rue de Manet<\/p>\n<p style=\"text-align: center;\">Horaire d&rsquo;ouverture:<\/p>\n<p style=\"text-align: center;\">Du lundi au vendredi : 9h00 \u00e0 12h00\u00a0 et de\u00a0 14h 00 \u00e0 17h00<\/p>\n<p style=\"text-align: center;\">Le samedi : 9h00 \u00e0 12h00<\/p>\n<h3 class=\"Hero-depotTitle\" style=\"text-align: center;\"><span style=\"font-size: 14pt;\">Heures limites de d\u00e9p\u00f4t<\/span><\/h3>\n<h4 class=\"Hero-depotSubtitle\" style=\"text-align: center;\">Pour un d\u00e9part aujourd&rsquo;hui<\/h4>\n<div class=\"Hero-depotRows\">\n<div class=\"DepotRow js-depot-row\" style=\"text-align: center;\">\n<div class=\"DepotRow-imgWrapper\"><img loading=\"lazy\" decoding=\"async\" class=\"Image DepotRow-image\" src=\"https:\/\/dynl.mktgcdn.com\/p\/KaSrbZYf5VicUTRDI0kVXEf1eFQ1mIzI7iI6FIlWo7M\/156x156.png\" srcset=\"\/\/dynl.mktgcdn.com\/p\/KaSrbZYf5VicUTRDI0kVXEf1eFQ1mIzI7iI6FIlWo7M\/156x156.png 156w,\/\/dynl.mktgcdn.com\/p\/KaSrbZYf5VicUTRDI0kVXEf1eFQ1mIzI7iI6FIlWo7M\/156x156.png 156w\" alt=\"Lettres et petits objets\" width=\"114\" height=\"114\" \/><\/div>\n<div class=\"DepotRow-infoWrapper\">\n<div class=\"DepotRow-heading\">Lettres et petits objets<\/div>\n<div class=\"c-hours\">\n<div class=\"c-hours-details-wrapper js-hours-table\" data-days=\"[{&quot;day&quot;:&quot;MONDAY&quot;,&quot;intervals&quot;:[{&quot;end&quot;:1600,&quot;start&quot;:0}],&quot;dateFormatted&quot;:&quot;20\/09&quot;},{&quot;day&quot;:&quot;TUESDAY&quot;,&quot;intervals&quot;:[{&quot;end&quot;:1600,&quot;start&quot;:0}],&quot;dateFormatted&quot;:&quot;21\/09&quot;},{&quot;day&quot;:&quot;WEDNESDAY&quot;,&quot;intervals&quot;:[{&quot;end&quot;:1600,&quot;start&quot;:0}],&quot;dateFormatted&quot;:&quot;22\/09&quot;},{&quot;day&quot;:&quot;THURSDAY&quot;,&quot;intervals&quot;:[{&quot;end&quot;:1600,&quot;start&quot;:0}],&quot;dateFormatted&quot;:&quot;23\/09&quot;},{&quot;day&quot;:&quot;FRIDAY&quot;,&quot;intervals&quot;:[{&quot;end&quot;:1600,&quot;start&quot;:0}],&quot;dateFormatted&quot;:&quot;24\/09&quot;},{&quot;day&quot;:&quot;SATURDAY&quot;,&quot;intervals&quot;:[{&quot;end&quot;:1200,&quot;start&quot;:0}],&quot;dateFormatted&quot;:&quot;25\/09&quot;},{&quot;day&quot;:&quot;SUNDAY&quot;,&quot;intervals&quot;:[],&quot;dateFormatted&quot;:&quot;26\/09&quot;}]\" data-utc-offsets=\"[{&quot;offset&quot;:7200,&quot;start&quot;:1616893200},{&quot;offset&quot;:3600,&quot;start&quot;:1635642000},{&quot;offset&quot;:7200,&quot;start&quot;:1648342800}]\" data-twenty-four-hour-clock=\"true\" data-time-format-string=\"15h04\">\n<table class=\"c-hours-details\">\n<thead class=\"sr-only\">\n<tr>\n<th scope=\"col\">Day of the Week<\/th>\n<th scope=\"col\">Hours<\/th>\n<\/tr>\n<\/thead>\n<tbody>\n<tr class=\"c-hours-details-row js-day-of-week-row is-today js-is-today\" data-day-of-week-start-index=\"1\" data-day-of-week-end-index=\"1\">\n<td class=\"c-hours-details-row-intervals\"><span class=\"c-hours-details-row-intervals-instance js-hours-interval-instance\" data-twenty-four-hour-clock=\"true\" data-open-interval-start=\"0\" data-open-interval-end=\"1600\" data-midnight-text=\"Open until midnight\" data-open-until-text=\"Open until\" data-close-at-text=\"Closed at\"><span class=\"c-hours-details-row-intervals-instance-close\">16h00<\/span><\/span><\/td>\n<\/tr>\n<\/tbody>\n<\/table>\n<\/div>\n<\/div>\n<\/div>\n<\/div>\n<div class=\"DepotRow js-depot-row\" style=\"text-align: center;\">\n<div class=\"DepotRow-imgWrapper\"><img loading=\"lazy\" decoding=\"async\" class=\"Image DepotRow-image\" src=\"https:\/\/dynl.mktgcdn.com\/p\/zX7zeAikRU5pTNUelaT-iS4QWX3J4VrIN7ASwBPvFsE\/194x194.png\" srcset=\"\/\/dynl.mktgcdn.com\/p\/zX7zeAikRU5pTNUelaT-iS4QWX3J4VrIN7ASwBPvFsE\/194x194.png 194w,\/\/dynl.mktgcdn.com\/p\/zX7zeAikRU5pTNUelaT-iS4QWX3J4VrIN7ASwBPvFsE\/194x194.png 194w\" alt=\"Colissimo\" width=\"111\" height=\"111\" \/><\/div>\n<div class=\"DepotRow-infoWrapper\">\n<div class=\"DepotRow-heading\">Colissimo<\/div>\n<div class=\"c-hours\">\n<div class=\"c-hours-details-wrapper js-hours-table\" data-days=\"[{&quot;day&quot;:&quot;MONDAY&quot;,&quot;intervals&quot;:[{&quot;end&quot;:1600,&quot;start&quot;:0}],&quot;dateFormatted&quot;:&quot;27\/09&quot;},{&quot;day&quot;:&quot;TUESDAY&quot;,&quot;intervals&quot;:[{&quot;end&quot;:1600,&quot;start&quot;:0}],&quot;dateFormatted&quot;:&quot;28\/09&quot;},{&quot;day&quot;:&quot;WEDNESDAY&quot;,&quot;intervals&quot;:[{&quot;end&quot;:1600,&quot;start&quot;:0}],&quot;dateFormatted&quot;:&quot;29\/09&quot;},{&quot;day&quot;:&quot;THURSDAY&quot;,&quot;intervals&quot;:[{&quot;end&quot;:1600,&quot;start&quot;:0}],&quot;dateFormatted&quot;:&quot;30\/09&quot;},{&quot;day&quot;:&quot;FRIDAY&quot;,&quot;intervals&quot;:[{&quot;end&quot;:1600,&quot;start&quot;:0}],&quot;dateFormatted&quot;:&quot;01\/10&quot;},{&quot;day&quot;:&quot;SATURDAY&quot;,&quot;intervals&quot;:[],&quot;dateFormatted&quot;:&quot;02\/10&quot;},{&quot;day&quot;:&quot;SUNDAY&quot;,&quot;intervals&quot;:[],&quot;dateFormatted&quot;:&quot;03\/10&quot;}]\" data-utc-offsets=\"[{&quot;offset&quot;:7200,&quot;start&quot;:1616893200},{&quot;offset&quot;:3600,&quot;start&quot;:1635642000},{&quot;offset&quot;:7200,&quot;start&quot;:1648342800}]\" data-twenty-four-hour-clock=\"true\" data-time-format-string=\"15h04\">\n<table class=\"c-hours-details\">\n<thead class=\"sr-only\">\n<tr>\n<th scope=\"col\">Day of the Week<\/th>\n<th scope=\"col\">Hours<\/th>\n<\/tr>\n<\/thead>\n<tbody>\n<tr class=\"c-hours-details-row js-day-of-week-row is-today js-is-today\" data-day-of-week-start-index=\"1\" data-day-of-week-end-index=\"1\">\n<td class=\"c-hours-details-row-intervals\"><span class=\"c-hours-details-row-intervals-instance js-hours-interval-instance\" data-twenty-four-hour-clock=\"true\" data-open-interval-start=\"0\" data-open-interval-end=\"1600\" data-midnight-text=\"Open until midnight\" data-open-until-text=\"Open until\" data-close-at-text=\"Closed at\"><span class=\"c-hours-details-row-intervals-instance-close\">16h00<\/span><\/span><\/td>\n<\/tr>\n<\/tbody>\n<\/table>\n<\/div>\n<\/div>\n<\/div>\n<\/div>\n<div class=\"DepotRow js-depot-row\">\n<div class=\"DepotRow-imgWrapper\" style=\"text-align: center;\"><img loading=\"lazy\" decoding=\"async\" class=\"Image DepotRow-image\" src=\"https:\/\/dynl.mktgcdn.com\/p\/hy-3uEDcNH101omW8SaBQZnvB4AqM77K5BojnSg2hPM\/180x181.png\" srcset=\"\/\/dynl.mktgcdn.com\/p\/hy-3uEDcNH101omW8SaBQZnvB4AqM77K5BojnSg2hPM\/180x181.png 180w,\/\/dynl.mktgcdn.com\/p\/hy-3uEDcNH101omW8SaBQZnvB4AqM77K5BojnSg2hPM\/180x181.png 180w\" alt=\"Chronopost\" width=\"97\" height=\"97\" \/><\/div>\n<div class=\"DepotRow-infoWrapper\">\n<div class=\"DepotRow-heading\" style=\"text-align: center;\">Chronopost<\/div>\n<div class=\"c-hours\">\n<div class=\"c-hours-details-wrapper js-hours-table\" data-days=\"[{&quot;day&quot;:&quot;MONDAY&quot;,&quot;intervals&quot;:[{&quot;end&quot;:1600,&quot;start&quot;:0}],&quot;dateFormatted&quot;:&quot;04\/10&quot;},{&quot;day&quot;:&quot;TUESDAY&quot;,&quot;intervals&quot;:[{&quot;end&quot;:1600,&quot;start&quot;:0}],&quot;dateFormatted&quot;:&quot;05\/10&quot;},{&quot;day&quot;:&quot;WEDNESDAY&quot;,&quot;intervals&quot;:[{&quot;end&quot;:1600,&quot;start&quot;:0}],&quot;dateFormatted&quot;:&quot;06\/10&quot;},{&quot;day&quot;:&quot;THURSDAY&quot;,&quot;intervals&quot;:[{&quot;end&quot;:1600,&quot;start&quot;:0}],&quot;dateFormatted&quot;:&quot;07\/10&quot;},{&quot;day&quot;:&quot;FRIDAY&quot;,&quot;intervals&quot;:[{&quot;end&quot;:1600,&quot;start&quot;:0}],&quot;dateFormatted&quot;:&quot;08\/10&quot;},{&quot;day&quot;:&quot;SATURDAY&quot;,&quot;intervals&quot;:[],&quot;dateFormatted&quot;:&quot;09\/10&quot;},{&quot;day&quot;:&quot;SUNDAY&quot;,&quot;intervals&quot;:[],&quot;dateFormatted&quot;:&quot;10\/10&quot;}]\" data-utc-offsets=\"[{&quot;offset&quot;:7200,&quot;start&quot;:1616893200},{&quot;offset&quot;:3600,&quot;start&quot;:1635642000},{&quot;offset&quot;:7200,&quot;start&quot;:1648342800}]\" data-twenty-four-hour-clock=\"true\" data-time-format-string=\"15h04\">\n<table class=\"c-hours-details\">\n<thead class=\"sr-only\">\n<tr>\n<th scope=\"col\">Day of the Week<\/th>\n<th scope=\"col\">Hours<\/th>\n<\/tr>\n<\/thead>\n<tbody>\n<tr class=\"c-hours-details-row js-day-of-week-row is-today js-is-today\" data-day-of-week-start-index=\"1\" data-day-of-week-end-index=\"1\">\n<td class=\"c-hours-details-row-intervals\" style=\"text-align: center;\"><span class=\"c-hours-details-row-intervals-instance js-hours-interval-instance\" data-twenty-four-hour-clock=\"true\" data-open-interval-start=\"0\" data-open-interval-end=\"1600\" data-midnight-text=\"Open until midnight\" data-open-until-text=\"Open until\" data-close-at-text=\"Closed at\"><span class=\"c-hours-details-row-intervals-instance-close\">16h00<\/span><\/span><\/td>\n<\/tr>\n<\/tbody>\n<\/table>\n<\/div>\n<\/div>\n<\/div>\n<\/div>\n<\/div>\n<p>&nbsp;<\/p>\n<h2 style=\"text-align: center;\"><span style=\"color: #0000ff; text-decoration: underline;\">Maison des Services \u00e0 la Poste<\/span><\/h2>\n<p style=\"text-align: center;\">Au sein de l&rsquo;actuel bureau de Poste, rue de Manet.<\/p>\n<p style=\"text-align: center;\">La Maison de services au public de Gac\u00e9 vous permet d&rsquo;effectuer de nombreuses d\u00e9marches, vous oriente vers les bons interlocuteurs et vous \u00e9vite ainsi des d\u00e9placements. Avec un acc\u00e8s \u00e0 Internet et un \u00e9quipement bureautique complet vous pouvez effectuer vos d\u00e9marches seul ou avec l&rsquo;appui du charg\u00e9 de client\u00e8le si besoin. Celui-ci, form\u00e9 par les partenaires publics, vous re\u00e7oit, vous \u00e9coute et peut vous accompagner dans vos d\u00e9marches administratives en ligne.<\/p>\n<p>Partenaires : CPAM &#8211; CARSAT &#8211; CAF &#8211; MSA &#8211; POLE EMPLOI &#8211; FINANCES PUBLIQUES &#8211; PREFECTURE<\/p>\n<h2 style=\"text-align: center;\"><span style=\"color: #0000ff; text-decoration: underline;\">Perception (Tr\u00e9sor Public)<\/span><\/h2>\n<p style=\"text-align: center;\">Percepteur : Monsieur Damien VANDON<\/p>\n<p style=\"text-align: center;\">\u00c0 compter du 1er septembre 2021,\u00a0 fermeture de la perception de Gac\u00e9<\/p>\n<p style=\"text-align: center;\"><span style=\"background-color: #33cccc;\"><span style=\"font-size: 14pt;\"><strong>Po<\/strong><strong>ur les questions sur vos factures locales :\u00a0<\/strong><\/span><\/span><\/p>\n<p style=\"text-align: center;\"><strong><span style=\"font-size: 14pt;\">Antenne de l&rsquo;AIGLE<\/span><\/strong><\/p>\n<p style=\"text-align: center;\"><span style=\"font-size: 14pt;\"><strong>Service de Gestion Comptable de Mortagne-au-perche :<\/strong><\/span><\/p>\n<p style=\"text-align: center;\">13, rue de la M\u00e9rilli\u00e8re-61300 l&rsquo;Aigle ( actuelle tr\u00e9sorerie)<\/p>\n<p style=\"text-align: center;\">Ouvert du lundi au jeudi de 9h \u00e0 12h et de 13h30 \u00e0 16h (sauf Lundi matin)<\/p>\n<p style=\"text-align: center;\">T\u00e9l.: 02-33-24-08-65<\/p>\n<p style=\"text-align: center;\">sgc.mortagne-au-perche@dgfip.finances.gouv.fr<\/p>\n<p style=\"text-align: center;\"><span style=\"background-color: #33cccc;\">Pour payer en toute confidentialit\u00e9<\/span> vos factures locales, vos imp\u00f4t ou amende, en esp\u00e8ce ou en carte bancaire, vous pouvez vous rendre chez un buraliste agr\u00e9er de Gac\u00e9, le Merlerault, Nonant-Le-Pin ou Vimoutiers.<\/p>\n<p style=\"text-align: center;\">Pour les questions concernant vos imp\u00f4ts :<\/p>\n<ul>\n<li style=\"text-align: center;\">par t\u00e9l\u00e9phone au<strong> 0 809 401 401<\/strong> ( appel gratuit + prix d&rsquo;un appel local)<\/li>\n<li style=\"text-align: center;\">en prenant rendez-vous, r\u00e9servez l&rsquo;horaire au pr\u00e9alable : par internet sur <strong>impots.gouv.fr<\/strong> rubrique <span style=\"background-color: #000000; color: #ffffff;\">CONTACT <\/span>ou depuis votre espace personnalis\u00e9<\/li>\n<\/ul>\n<h2 style=\"text-align: center;\"><span style=\"color: #0000ff; text-decoration: underline;\">Service des Eaux et Assainissement : S.A.U.R.<\/span><\/h2>\n<p style=\"text-align: center;\">Route de Vimoutiers<\/p>\n<p style=\"text-align: center;\">T\u00e9l. : 02.50.72.40.00 : Service Consommateur<\/p>\n<p style=\"text-align: center;\">Du lundi au vendredi de 8h \u00e0 18h<\/p>\n<p style=\"text-align: center;\">T\u00e9l. : 02.50.72.40.09 : D\u00e9pannage d&rsquo;urgence<\/p>\n<p style=\"text-align: center;\">24h\/24h ou 0810.149.149<\/p>\n<h3 id=\"_MFDnadWBDeaNkdUPj_yiMA_61\" class=\"LC20lb MBeuO DKV0Md\" style=\"text-align: center;\"><span style=\"font-size: 24pt;\"><strong><span style=\"text-decoration: underline; color: #0000ff;\">SPAO SIAEP DU PAYS D&rsquo;AUGE ORNAIS<\/span><\/strong><\/span><\/h3>\n<p style=\"text-align: center;\">Activit\u00e9 : Captage, traitement et distribution d&rsquo;eau<\/p>\n<p style=\"text-align: center;\"><em>HOTEL DE VILLE<\/em><\/p>\n<p style=\"text-align: center;\"><em>PLACE DE MACKAU<\/em><\/p>\n<p style=\"text-align: center;\"><em> 61120 VIMOUTIERS<\/em><\/p>\n<p style=\"text-align: center;\">T\u00e9l. : 02-33-39-80-60<\/p>\n<h2 style=\"text-align: center;\"><span style=\"color: #0000ff; text-decoration: underline;\">ENEDIS \/ ELECTRICITE<\/span><\/h2>\n<p style=\"text-align: center;\">S\u00e9curit\u00e9 d\u00e9pannage<br \/>\nT\u00e9l. : 09-69-32-15-15<\/p>\n<p style=\"text-align: center;\">Ouverture compteur<\/p>\n<p style=\"text-align: center;\">T\u00e9l. : 09-73-72-52-00<\/p>\n<h2 style=\"text-align: center;\"><span style=\"color: #0000ff; text-decoration: underline;\">D\u00e9chetterie\u00a0<\/span><\/h2>\n<h2 style=\"text-align: center;\">Ouvert du mardi au samedi.<\/h2>\n<p style=\"text-align: center;\">\u00a09h00 \u00e0 12h00 et de 14h00 \u00e0 18h00<br \/>\nT\u00e9l. : 02.33.39.02.02<\/p>\n<h2 style=\"text-align: center;\"><span style=\"color: #0000ff; text-decoration: underline;\">Ordures m\u00e9nag\u00e8res<\/span><\/h2>\n<p style=\"text-align: center;\">Collecte\u00a0en tri s\u00e9lectif<br \/>\nLundi et vendredi (matin) ramassage des d\u00e9chets m\u00e9nagers<br \/>\nMercredi (matin) ramassage des papiers, plastiques (jaunes mis \u00e0 disposition \u00e0 la d\u00e9ch\u00e8terie)<\/p>\n<h2 style=\"text-align: center;\"><span style=\"color: #0000ff; text-decoration: underline;\">Biblioth\u00e8que Intercommunale<\/span><\/h2>\n<p style=\"text-align: center;\">Ouverture au public :<\/p>\n<p style=\"text-align: center;\">Les mardis, jeudis et vendredis de 16h \u00e0 18h<\/p>\n<p style=\"text-align: center;\">Les mercredis de 10h \u00e0 12h et de 14h \u00e0 18h<\/p>\n<p style=\"text-align: center;\">Les samedis de 10h \u00e0 12h et de 14h \u00e0 17h<\/p>\n<p style=\"text-align: center;\">T\u00e9l. : 02.33.36.26.94<\/p>\n<h3 style=\"text-align: center;\"><span style=\"font-size: 12pt;\"><strong><u>Pour de plus amples informations:<\/u><\/strong><\/span><\/h3>\n<p style=\"text-align: center;\">Site de Gac\u00e9 : 02 33 36 26 94 &#8211; Mail : <a href=\"mailto:mediatheque@cdcvam.fr\">mediatheque@cdcvam.fr<\/a><\/p>\n<h2 style=\"text-align: center;\"><span style=\"color: #0000ff; text-decoration: underline;\">Camping Municipal Le Pressoir<\/span><\/h2>\n<p style=\"text-align: center;\">Camping 2 \u00e9toiles<\/p>\n<p style=\"text-align: center;\">Impasse du Tahiti<\/p>\n<p style=\"text-align: center;\">T\u00e9l. : 02.33.35.50.24<\/p>\n<h2 style=\"text-align: center;\"><span style=\"color: #0000ff; text-decoration: underline;\">Cin\u00e9ma de Gac\u00e9 : Le Tahiti<\/span><\/h2>\n<p style=\"text-align: center;\">Avenue de Tahiti<\/p>\n<p style=\"text-align: center;\">T\u00e9l. : 02.33.35.50.24<\/p>\n<h2 style=\"text-align: center;\"><span style=\"color: #0000ff; text-decoration: underline;\">Mus\u00e9e des Min\u00e9raux et des Fossiles<\/span><\/h2>\n<p style=\"text-align: center;\">Monsieur Michel BRODIN<\/p>\n<p style=\"text-align: center;\">Ouvert les mercredis et samedis de 14h \u00e0 17h<\/p>\n<p style=\"text-align: center;\">sur rendez-vous au 02.33.35.51.98<\/p>\n<p style=\"text-align: center;\">Place du Ch\u00e2teau &#8211; GACE<\/p>\n<h2 style=\"text-align: center;\"><span style=\"color: #0000ff; text-decoration: underline;\">Mus\u00e9e de la Dame aux Cam\u00e9lias<\/span><\/h2>\n<p style=\"text-align: center;\">CDC Vall\u00e9es d&rsquo;Auge et du Merlerault<\/p>\n<p style=\"text-align: center;\">Prise de rendez vous pour toutes visites<\/p>\n<p style=\"text-align: center;\">T\u00e9l. : 02.33.67.54.85<\/p>\n<h2 style=\"text-align: center;\"><span style=\"text-decoration: underline;\"><span style=\"color: #0000ff; text-decoration: underline;\">RAMII<\/span><\/span><\/h2>\n<p style=\"text-align: center;\">Relais Assistant(e)s Maternel(le)s Itin\u00e9rants Intercommunal<\/p>\n<p style=\"text-align: center;\">Chlo\u00e9 DECOURS 06-82-45-14-96<\/p>\n<p style=\"text-align: center;\">\u00a0ramii.cdcvam@gmail.com<\/p>\n<p>&nbsp;<\/p>\n<p style=\"text-align: center;\"><strong><span style=\"color: #0000ff;\"><span style=\"text-decoration: underline; font-size: 24pt;\">Le recensement<\/span>\u00a0<\/span><\/strong><\/p>\n<div class=\"article-name\">Pensez au recensement !<\/div>\n<div>Celui- ci se fait \u00e0 la mairie du domicile<\/div>\n<div class=\"article-description\">\n<p><strong>Le site<\/strong>\u00a0<strong><em>majdc.fr<\/em><\/strong>\u00a0 est\u00a0un outil\u00a0indispensable aux jeunes, facilitant les \u00e9changes avec les services,\u00a0apportant au fur et \u00e0 mesure toutes les informations n\u00e9cessaires sur la JDC\u00a0et \u00a0permettant de mettre \u00e0 jour les\u00a0donn\u00e9es.<\/p>\n<p>Au moment du\u00a0recensement\u00a0<strong>\u00a0laisser une adresse mail<\/strong>\u00a0, cela\u00a0permet de vous contacter si la convocation\u00a0est retourn\u00e9e ( d\u00e9m\u00e9nagement, adresse erron\u00e9e\u2026) mais \u00e9galement d&rsquo;alerter sur la possibilit\u00e9 de se cr\u00e9er un compte sur\u00a0<strong><em>majdc.fr<\/em><\/strong> (environ 2 \u00e0 4 mois apr\u00e8s leur recensement),\u00a0ou encore en cas de report ou annulation de leur JDC etc\u2026<\/p>\n<\/div>\n<p><img loading=\"lazy\" decoding=\"async\" class=\"aligncenter wp-image-10862\" src=\"https:\/\/www.gace.fr\/wp-content\/uploads\/20210928_NP_CSNJ-CAEN_com-recensement-_1_-212x300.jpg\" alt=\"\" width=\"262\" height=\"371\" srcset=\"https:\/\/www.gace.fr\/wp-content\/uploads\/20210928_NP_CSNJ-CAEN_com-recensement-_1_-212x300.jpg 212w, https:\/\/www.gace.fr\/wp-content\/uploads\/20210928_NP_CSNJ-CAEN_com-recensement-_1_-543x768.jpg 543w, https:\/\/www.gace.fr\/wp-content\/uploads\/20210928_NP_CSNJ-CAEN_com-recensement-_1_-768x1086.jpg 768w, https:\/\/www.gace.fr\/wp-content\/uploads\/20210928_NP_CSNJ-CAEN_com-recensement-_1_-1086x1536.jpg 1086w, https:\/\/www.gace.fr\/wp-content\/uploads\/20210928_NP_CSNJ-CAEN_com-recensement-_1_-1448x2048.jpg 1448w, https:\/\/www.gace.fr\/wp-content\/uploads\/20210928_NP_CSNJ-CAEN_com-recensement-_1_-847x1198.jpg 847w, https:\/\/www.gace.fr\/wp-content\/uploads\/20210928_NP_CSNJ-CAEN_com-recensement-_1_.jpg 1654w\" sizes=\"auto, (max-width: 262px) 100vw, 262px\" \/><\/p>\n<p>&nbsp;<\/p>\n<h2 style=\"text-align: center;\"><span style=\"text-decoration: underline;\"><span style=\"color: #0000ff; text-decoration: underline;\">Correspondants de presse<\/span><\/span><\/h2>\n<p style=\"text-align: center;\">Chantal LOISEL-NICOLEAU &#8211; chantal.Nicoleau@orange.fr ou 06.81.12.23.09<\/p>\n<p style=\"text-align: center;\">Bernard MEUNIER &#8211; bernard.meunier0226@orange.fr ou 06.14.31.17.92<\/p>\n","protected":false},"excerpt":{"rendered":"<p>Gendarmerie 25 rue Apollo XI Composez le 17 Capitaine : Monsieur Richard MILLE Pompiers Rue du 19 mars. Composez le 18 Lieutenant : Monsieur J\u00e9r\u00f4me GAUTIER SAMU Composez le 15 Urgence Mobile Composez le 112 Urgence Sociale Composez le 115 UNA Si\u00e8ge de l&rsquo;Aigle : 02-33-34-55-40. B\u00e2timent Administratif , rue de Manet \u00e0 Gac\u00e9 \u00a002-33-36-22-41 &hellip; <\/p>\n<p><a class=\"more-link btn\" href=\"https:\/\/www.gace.fr\/?page_id=1779\">Lire la suite<\/a><\/p>\n","protected":false},"author":10,"featured_media":0,"parent":120,"menu_order":20,"comment_status":"closed","ping_status":"closed","template":"template-onecolumn.php","meta":{"footnotes":""},"class_list":["post-1779","page","type-page","status-publish","hentry","nodate","item-wrap"],"_links":{"self":[{"href":"https:\/\/www.gace.fr\/index.php?rest_route=\/wp\/v2\/pages\/1779","targetHints":{"allow":["GET"]}}],"collection":[{"href":"https:\/\/www.gace.fr\/index.php?rest_route=\/wp\/v2\/pages"}],"about":[{"href":"https:\/\/www.gace.fr\/index.php?rest_route=\/wp\/v2\/types\/page"}],"author":[{"embeddable":true,"href":"https:\/\/www.gace.fr\/index.php?rest_route=\/wp\/v2\/users\/10"}],"replies":[{"embeddable":true,"href":"https:\/\/www.gace.fr\/index.php?rest_route=%2Fwp%2Fv2%2Fcomments&post=1779"}],"version-history":[{"count":47,"href":"https:\/\/www.gace.fr\/index.php?rest_route=\/wp\/v2\/pages\/1779\/revisions"}],"predecessor-version":[{"id":11276,"href":"https:\/\/www.gace.fr\/index.php?rest_route=\/wp\/v2\/pages\/1779\/revisions\/11276"}],"up":[{"embeddable":true,"href":"https:\/\/www.gace.fr\/index.php?rest_route=\/wp\/v2\/pages\/120"}],"wp:attachment":[{"href":"https:\/\/www.gace.fr\/index.php?rest_route=%2Fwp%2Fv2%2Fmedia&parent=1779"}],"curies":[{"name":"wp","href":"https:\/\/api.w.org\/{rel}","templated":true}]}}