{"id":2964,"date":"2013-01-22T11:07:23","date_gmt":"2013-01-22T11:07:23","guid":{"rendered":"http:\/\/www.gace.fr\/?page_id=2964"},"modified":"2025-12-22T15:02:37","modified_gmt":"2025-12-22T15:02:37","slug":"musee-de-la-dame-aux-camelias","status":"publish","type":"page","link":"https:\/\/www.gace.fr\/?page_id=2964","title":{"rendered":"Mus\u00e9e de la Dame aux Cam\u00e9lias"},"content":{"rendered":"<div><a href=\"https:\/\/www.gace.fr\/?attachment_id=2965\" rel=\"attachment wp-att-2965\"><img loading=\"lazy\" decoding=\"async\" class=\"alignleft size-full wp-image-2965\" title=\"LOGO_MUSEE\" src=\"https:\/\/www.gace.fr\/wp-content\/uploads\/LOGO_MUSEE.jpg\" alt=\"\" width=\"107\" height=\"160\" \/><\/a><\/div>\n<div style=\"text-align: center;\"><span style=\"color: #800000;\"><strong><span style=\"font-size: 14pt;\">OUVERTURE DU MUSEE<\/span><\/strong><\/span><\/div>\n<div style=\"text-align: center;\"><strong>PRISE DE RENDEZ-VOUS UNE SEMAINE AVANT AU 02-33-67-54-85<\/strong><\/div>\n<div><\/div>\n<div>Le mus\u00e9e de la Dame aux Cam\u00e9lias occupe trois grandes salles du ch\u00e2teau de Gac\u00e9. Dans la Premi\u00e8re, un diaporama \u00e9voque les \u00e9v\u00e9nements, les rencontres, les amours, qui ont marqu\u00e9 la courte existence de notre h\u00e9ro\u00efne.<\/div>\n<div>Dans la seconde sont expos\u00e9s des objets (bijoux, vaisselle\u2026) et des documents qui lui ont appartenu, ainsi que des costumes de sc\u00e8ne provenant de l\u2019op\u00e9ra de Paris.<\/div>\n<div>Dans la derni\u00e8re, des affiches, des photos, un film sur grand \u00e9cran montrent comment tous les arts se sont empar\u00e9s du mythe et comment les plus grandes artistes continuent de le faire vivre : Sarah Bernhardt, Greta Garbo, Edwige Feuill\u00e8re, Renata Tebalti, Maria Callas, Isabelle Huppert, Isabelle Adjani et tant d\u2019autres \u2026..<\/div>\n<div><\/div>\n<div><strong>Visites guid\u00e9es 2026 \u00e0 15h00 :<\/strong>\u00a0 25\/06, 02\/07, 09\/07, 23\/07, 06\/08, 27\/08, 03\/09<\/div>\n<div><strong>La nuit Europ\u00e9enne des mus\u00e9es visite th\u00e9\u00e2tralis\u00e9e \u00e0 19h00 :<\/strong> 23\/05\/2026<\/div>\n<div><strong>Visites th\u00e9\u00e2tralis\u00e9es 2026 \u00e0 19h00 :<\/strong> 16\/07, 30\/07, 13\/08, 20\/08<\/div>\n<div><strong>Journ\u00e9e Europ\u00e9enne du patrimoine \u00e0 19h00 :<\/strong> 19\/09\/2026<\/div>\n<div><\/div>\n<h3 style=\"text-align: center;\"><\/h3>\n","protected":false},"excerpt":{"rendered":"<p>OUVERTURE DU MUSEE PRISE DE RENDEZ-VOUS UNE SEMAINE AVANT AU 02-33-67-54-85 Le mus\u00e9e de la Dame aux Cam\u00e9lias occupe trois grandes salles du ch\u00e2teau de Gac\u00e9. Dans la Premi\u00e8re, un diaporama \u00e9voque les \u00e9v\u00e9nements, les rencontres, les amours, qui ont marqu\u00e9 la courte existence de notre h\u00e9ro\u00efne. Dans la seconde sont expos\u00e9s des objets (bijoux, &hellip; <\/p>\n<p><a class=\"more-link btn\" href=\"https:\/\/www.gace.fr\/?page_id=2964\">Lire la suite<\/a><\/p>\n","protected":false},"author":10,"featured_media":0,"parent":794,"menu_order":21,"comment_status":"closed","ping_status":"closed","template":"template-onecolumn.php","meta":{"footnotes":""},"class_list":["post-2964","page","type-page","status-publish","hentry","nodate","item-wrap"],"_links":{"self":[{"href":"https:\/\/www.gace.fr\/index.php?rest_route=\/wp\/v2\/pages\/2964","targetHints":{"allow":["GET"]}}],"collection":[{"href":"https:\/\/www.gace.fr\/index.php?rest_route=\/wp\/v2\/pages"}],"about":[{"href":"https:\/\/www.gace.fr\/index.php?rest_route=\/wp\/v2\/types\/page"}],"author":[{"embeddable":true,"href":"https:\/\/www.gace.fr\/index.php?rest_route=\/wp\/v2\/users\/10"}],"replies":[{"embeddable":true,"href":"https:\/\/www.gace.fr\/index.php?rest_route=%2Fwp%2Fv2%2Fcomments&post=2964"}],"version-history":[{"count":11,"href":"https:\/\/www.gace.fr\/index.php?rest_route=\/wp\/v2\/pages\/2964\/revisions"}],"predecessor-version":[{"id":11208,"href":"https:\/\/www.gace.fr\/index.php?rest_route=\/wp\/v2\/pages\/2964\/revisions\/11208"}],"up":[{"embeddable":true,"href":"https:\/\/www.gace.fr\/index.php?rest_route=\/wp\/v2\/pages\/794"}],"wp:attachment":[{"href":"https:\/\/www.gace.fr\/index.php?rest_route=%2Fwp%2Fv2%2Fmedia&parent=2964"}],"curies":[{"name":"wp","href":"https:\/\/api.w.org\/{rel}","templated":true}]}}