{"id":4850,"date":"2015-11-04T15:40:41","date_gmt":"2015-11-04T15:40:41","guid":{"rendered":"http:\/\/www.gace.fr\/?page_id=4850"},"modified":"2024-10-07T10:18:10","modified_gmt":"2024-10-07T10:18:10","slug":"demande-actes-etat-civil","status":"publish","type":"page","link":"https:\/\/www.gace.fr\/?page_id=4850","title":{"rendered":"Vos d\u00e9marches en ligne"},"content":{"rendered":"<p><span style=\"text-decoration: underline; font-family: 'arial black', sans-serif; font-size: 18pt;\">CARTE D&rsquo;IDENTIT\u00c9\/PASSEPORT :<\/span><\/p>\n<p>La commune de Gac\u00e9 a adh\u00e9r\u00e9 \u00e0 la prise de rendez en ligne via le lien :<\/p>\n<p><strong><span style=\"font-size: 14pt;\"><a href=\"https:\/\/app.synbird.com\/61230-gace-mairie-de-gace\">https:\/\/app.synbird.com\/61230-gace-mairie-de-gace<\/a><\/span><\/strong><\/p>\n<p>Vous\u00a0 pouvez r\u00e9server un cr\u00e9neau horaire facilement, en quelques clics et sans attente. et voir toutes les disponibilit\u00e9s.<\/p>\n<div id=\"cell-61c0a125fa9fc1f8251017d1\" class=\"col\" data-role=\"cell\" data-size=\"sm\">\n<div class=\"col-content col-no-widget\">\n<p>Le principal avantage de la prise de rendez-vous en ligne est qu\u2019elle permet \u00e0 nos usagers de prendre rendez-vous <strong>\u00e0 n\u2019importe quel moment de la journ\u00e9e<\/strong>,\u00a0<strong>quel que soit le jour<\/strong>. C\u2019est 24h\/24, 7j\/7, contrairement \u00e0 la prise de rendez-vous par\u00a0 t\u00e9l\u00e9phone. La prise de rendez-vous se fait <strong>en quelques clics<\/strong> : elle est donc moins contraignante en ligne.<\/p>\n<\/div>\n<\/div>\n<div id=\"cell-61c0a2adf59dc1f825108e38\" class=\"col\" data-role=\"cell\" data-size=\"sm\">\n<div class=\"col-content col-no-widget\">\n<p>Nos usagers auront des\u00a0 <a href=\"https:\/\/www.ems-rdv.com\/pages\/fonctionnalites\/rappels-de-rendez-vous.html\" data-cke-saved-href=\"https:\/\/www.ems-rdv.com\/pages\/fonctionnalites\/rappels-de-rendez-vous.html\">rappels de rendez-vous<\/a>\u00a0par SMS ou e-mail. Une notification est envoy\u00e9e pour confirmer le rendez-vous mais aussi 48 heures avant celui-ci.<\/p>\n<p>&nbsp;<\/p>\n<\/div>\n<p style=\"text-align: center;\"><span style=\"color: #ff0000; font-size: 24pt;\"><strong>LE JOUR DU RENDEZ-VOUS, VOUS DEVEZ VOUS MUNIR :\u00a0<\/strong><\/span><\/p>\n<p><span style=\"color: #0000ff; font-size: 18pt;\"><strong>MAJEUR<\/strong> :\u00a0<\/span><\/p>\n<p>\u2666 La pr\u00e9-demande faite sur le site ANTS.gouv.fr<\/p>\n<p>\u2666 Une planche de photo d&rsquo;identit\u00e9 non d\u00e9coup\u00e9 au format carte d&rsquo;identit\u00e9 passeport de<strong> moins de 6 mois<\/strong><\/p>\n<p>\u2666 Un justificatif de domicile \u00e0 votre nom de moins d\u2019un an, l&rsquo;adresse correspondant \u00e0 la pr\u00e9-demande<\/p>\n<p>En cas d&rsquo;h\u00e9bergement : photocopie \u00ab\u00a0LISIBLE\u00a0\u00bb ou originale de la carte d&rsquo;identit\u00e9\u00a0 de l&rsquo;h\u00e9bergeur, justificatif de domicile de moins d\u2019un an et attestation d&rsquo;h\u00e9bergement<\/p>\n<p>\u2666\u00a0 Carte d&rsquo;identit\u00e9 et\/ou passeport<\/p>\n<p>En cas de perte, faire d\u00e9claration \u00e0 la mairie =\u00a0Timbre fiscal de 25 \u20ac<\/p>\n<p>En cas de vol, faire d\u00e9claration \u00e0 la gendarmerie =\u00a0Timbre fiscal de 25 \u20ac<\/p>\n<p>\u2666 En cas de changement d&rsquo;ETAT-CIVIL fournir un acte de moins de 3 moins<\/p>\n<p>\u2666 <strong>Cas particulier<\/strong> : pour les personnes n\u00e9s dans une commune non COMEDEC ( <span style=\"text-decoration: underline;\">Sans maternit\u00e9<\/span>) fournir un acte de naissance <strong><span style=\"text-decoration: underline;\">en cas<\/span><\/strong> de\u00a0 vol,\u00a0 de perte, ou carte d&rsquo;identit\u00e9 de plus de 17 ans<\/p>\n<p>\u2666 Pour les passeport timbre fiscal de <strong>86\u20ac\u00a0<\/strong><\/p>\n<p>&nbsp;<\/p>\n<p><strong><span style=\"color: #0000ff; font-size: 18pt;\">MINEUR<\/span><\/strong><\/p>\n<p><em><span style=\"text-decoration: underline;\"><span style=\"color: #0000ff;\"><strong>IL DOIT \u00caTRE PR\u00c9SENT et ACCOMPAGN\u00c9 D&rsquo;UN TUTEUR L\u00c9GAL POUR LE D\u00c9POT DU DOSSIER ET LE RETRAIT DU TITRE<\/strong><\/span><\/span><\/em><\/p>\n<\/div>\n<p>\u2666 La pr\u00e9-demande faite sur le site ANTS.gouv.fr<\/p>\n<p>\u2666 Le livret de famille et carte d&rsquo;identit\u00e9 <strong>originale<\/strong> des 2 parents<\/p>\n<p>\u2666 Une planche de photo d&rsquo;identit\u00e9 non d\u00e9coup\u00e9 au format carte d&rsquo;identit\u00e9 passeport de<strong> moins de 6 mois<\/strong><\/p>\n<p>\u2666 Un justificatif de domicile de moins d\u2019un au\u00a0 nom du parent qui accompagne le mineur <strong>et<\/strong> attestation d&rsquo;h\u00e9bergement<\/p>\n<p>\u2666 Consentement du 2nd\u00a0 parent pour faire les pi\u00e8ces d&rsquo;identit\u00e9s<\/p>\n<p>\u2666 En cas de divorce\/s\u00e9paration:<\/p>\n<p><strong>Le jugement<\/strong><\/p>\n<p>un justificatif de domicile du 2nd parent en cas de garde altern\u00e9e et attestation d&rsquo;h\u00e9bergement<\/p>\n<p>\u2666\u00a0 Carte d&rsquo;identit\u00e9 et\/ou passeport<\/p>\n<p>En cas de perte, faire d\u00e9claration \u00e0 la mairie =\u00a0Timbre fiscal de 25 \u20ac<\/p>\n<p>En cas de vol, faire d\u00e9claration \u00e0 la gendarmerie =\u00a0Timbre fiscal de 25 \u20ac<\/p>\n<p>\u2666 Pour les passeports timbre fiscal de :<\/p>\n<p><strong>42 \u20ac = mineur de 15 ans et plus\u00a0<\/strong><\/p>\n<p><strong>17\u20ac = mineur de moins de 15ans<\/strong><\/p>\n<p>&nbsp;<\/p>\n<p><span style=\"font-size: 18pt;\"><strong><span style=\"color: #0000ff;\">MAJEUR SOUS CURATELLE<\/span><\/strong><\/span><\/p>\n<p>\u2666 M\u00eame liste que majeur +\u00a0 le jugement<\/p>\n<p>&nbsp;<\/p>\n<p><span style=\"font-size: 18pt; color: #0000ff;\"><strong>MAJEUR SOUS TUTELLE<\/strong><\/span><\/p>\n<p><em><span style=\"color: #ff0000;\">Pr\u00e9sence un tuteur obligatoire<\/span><\/em><\/p>\n<p>\u2666 M\u00eame liste que majeur<\/p>\n<p>\u2666 Le jugement<\/p>\n<p>\u2666 Autorisation du tuteur<\/p>\n<p>\u2666 Pi\u00e8ce d&rsquo;identit\u00e9 du tuteur<\/p>\n<div id=\"cell-61c0a2adf59dc1f825108e38\" class=\"col\" data-role=\"cell\" data-size=\"sm\">\n<div class=\"col-content col-no-widget\">\n<table style=\"border-collapse: collapse; width: 100%;\">\n<tbody>\n<tr>\n<td style=\"width: 100%;\"><\/td>\n<\/tr>\n<\/tbody>\n<\/table>\n<p><span style=\"font-size: 18pt; font-family: 'arial black', sans-serif;\"><b><u>Permis de conduire :<\/u><\/b><\/span><\/p>\n<\/div>\n<\/div>\n<div><\/div>\n<div id=\"cell-61c0a2adf59dc1f825108e38\" class=\"col\" data-role=\"cell\" data-size=\"sm\">\n<div><strong>LES DEMANDES DE RENOUVELLEMENT SE FONT UNIQUEMENT SUR LE SITE DE : ants.gouv.fr<\/strong><\/div>\n<div><\/div>\n<\/div>\n<p>D\u00e8s 2024, le permis de conduire en France s&rsquo;enrichit de nouveaut\u00e9s significatives :<\/p>\n<ul>\n<li>Gr\u00e2ce \u00e0 l&rsquo;application\u00a0<a tabindex=\"9999\" href=\"https:\/\/france-identite.gouv.fr\/\" target=\"_blank\" rel=\"noopener\">France identit\u00e9<\/a>, le permis de conduire devient num\u00e9rique, facilitant ainsi sa gestion et sa v\u00e9rification lors des contr\u00f4les routiers.<\/li>\n<li>D\u00e9sormais, les jeunes d\u00e8s 17 ans peuvent passer l&rsquo;\u00e9preuve pratique du permis de conduire, ce qui am\u00e9liore l&rsquo;acc\u00e8s \u00e0 la mobilit\u00e9 et la qualit\u00e9 de la formation des conducteurs novices.<\/li>\n<li>\u00c0 partir du 12 janvier 2024, le\u00a0<a tabindex=\"9999\" href=\"https:\/\/www.moncompteformation.gouv.fr\/\" target=\"_blank\" rel=\"noopener\">Compte Personnel de Formation<\/a>\u00a0\u00e9largit son champ d&rsquo;application pour financer l&rsquo;obtention de divers permis de conduire (voitures, motos, voiturettes, et v\u00e9hicules l\u00e9gers avec remorques), promouvant ainsi la mobilit\u00e9 professionnelle. Notez que les sessions de remise \u00e0 niveau et le\u00a0<a tabindex=\"9999\" href=\"https:\/\/www.legipermis.com\/stages-points\/orne\/\" target=\"_blank\" rel=\"noopener\">stage rattrapage de points agr\u00e9\u00e9 par la pr\u00e9fecture de l&rsquo;Orne<\/a>\u00a0proche de Gac\u00e9 accessible via LegiPermis ne sont pas \u00e9ligibles au financement CPF.<\/li>\n<li>Les petits exc\u00e8s de vitesse, soient ceux inf\u00e9rieurs \u00e0 5 km\/h, n&rsquo;entra\u00eenent plus de retrait de points sur le permis, tout en restant passibles d&rsquo;une amende.<\/li>\n<li>La suppression de la vignette verte, attestant de l&rsquo;<a tabindex=\"9999\" href=\"https:\/\/www.instantassur.com\/\" target=\"_blank\" rel=\"noopener\">assurance automobile<\/a>, est effective au 1er avril 2024. Cette mesure s&rsquo;inscrit dans un effort plus large pour simplifier les formalit\u00e9s administratives et moderniser la gestion des documents automobiles.<\/li>\n<\/ul>\n<p>&nbsp;<\/p>\n<table style=\"border-collapse: collapse; width: 100%;\">\n<tbody>\n<tr>\n<td style=\"width: 100%;\"><\/td>\n<\/tr>\n<\/tbody>\n<\/table>\n<p><span style=\"text-decoration: underline; font-family: 'arial black', sans-serif;\"><span style=\"font-size: 18pt;\"><strong>CADASTRE DE GAC\u00c9<\/strong><\/span><\/span><\/p>\n<p>Pour consulter rapidement le cadastre de GAC\u00c9, veuillez cliquer sur le lien :<\/p>\n<p><a href=\"https:\/\/lecadastre.com\/commune\/gace-61181\">https:\/\/lecadastre.com\/commune\/gace-61181<\/a><\/p>\n<table style=\"border-collapse: collapse; width: 100%;\">\n<tbody>\n<tr>\n<td style=\"width: 100%;\"><\/td>\n<\/tr>\n<\/tbody>\n<\/table>\n<p><span style=\"text-decoration: underline; font-family: 'arial black', sans-serif; font-size: 18pt;\"><strong>ASSOCIATION<\/strong><\/span><\/p>\n<p>&#8211; Demande de subvention municipale \u00e0 faire en mairie<\/p>\n<table style=\"border-collapse: collapse; width: 100%;\">\n<tbody>\n<tr>\n<td style=\"width: 100%;\"><\/td>\n<\/tr>\n<\/tbody>\n<\/table>\n<p><span style=\"text-decoration: underline; font-family: 'arial black', sans-serif; font-size: 18pt;\"><strong>SALLE LE TAHITI<\/strong><\/span><\/p>\n<p>&#8211; Demande de location de la Salle le Tahiti aupr\u00e8s de la Mairie\u00a0 : ville.gace @wanadoo.fr<\/p>\n<table style=\"border-collapse: collapse; width: 100%;\">\n<tbody>\n<tr>\n<td style=\"width: 100%;\"><\/td>\n<\/tr>\n<\/tbody>\n<\/table>\n<p><span style=\"text-decoration: underline; font-family: 'arial black', sans-serif; font-size: 18pt;\">LOCATION VEHICULES<\/span><\/p>\n<p>Demande \u00e0 faire aupr\u00e8s de la mairie :\u00a0 ville.gace @wanadoo.fr<\/p>\n<table style=\"border-collapse: collapse; width: 100%;\">\n<tbody>\n<tr>\n<td style=\"width: 100%;\"><\/td>\n<\/tr>\n<\/tbody>\n<\/table>\n<p><span style=\"text-decoration: underline; font-family: 'arial black', sans-serif; font-size: 18pt;\">DEBIT DE BOISSON<\/span><\/p>\n<p>&#8211; Demande de d\u00e9bit de boisson aupr\u00e8s de la mairie : ville.gace @wanadoo.fr<u><\/u><\/p>\n<table style=\"border-collapse: collapse; width: 100%;\">\n<tbody>\n<tr>\n<td style=\"width: 100%;\"><\/td>\n<\/tr>\n<\/tbody>\n<\/table>\n<p><span style=\"text-decoration: underline; font-family: 'arial black', sans-serif; font-size: 18pt;\"><strong>PANNEAU LUMINEUX<\/strong><\/span><\/p>\n<ul>\n<li>Demande par mail \u00e0 la Mairie de Gac\u00e9 : ville.gace@wanadoo.fr<\/li>\n<\/ul>\n<p><span style=\"color: #ffffff;\">g<\/span><\/p>\n<p><span style=\"color: #ffffff;\">g<\/span><\/p>\n<p style=\"text-align: center;\"><span style=\"color: #ff0000;\"><a style=\"color: #ff0000;\" href=\"https:\/\/www.gace.fr\/?page_id=120\" target=\"_blank\" rel=\"noopener noreferrer\"><strong><u>Pour toutes autres d\u00e9marches en ligne veuillez cliquez ici<\/u><\/strong><\/a><\/span><\/p>\n","protected":false},"excerpt":{"rendered":"<p>CARTE D&rsquo;IDENTIT\u00c9\/PASSEPORT : La commune de Gac\u00e9 a adh\u00e9r\u00e9 \u00e0 la prise de rendez en ligne via le lien : https:\/\/app.synbird.com\/61230-gace-mairie-de-gace Vous\u00a0 pouvez r\u00e9server un cr\u00e9neau horaire facilement, en quelques clics et sans attente. et voir toutes les disponibilit\u00e9s. Le principal avantage de la prise de rendez-vous en ligne est qu\u2019elle permet \u00e0 nos usagers &hellip; <\/p>\n<p><a class=\"more-link btn\" href=\"https:\/\/www.gace.fr\/?page_id=4850\">Lire la suite<\/a><\/p>\n","protected":false},"author":10,"featured_media":0,"parent":0,"menu_order":112,"comment_status":"closed","ping_status":"closed","template":"","meta":{"footnotes":""},"class_list":["post-4850","page","type-page","status-publish","hentry","nodate","item-wrap"],"_links":{"self":[{"href":"https:\/\/www.gace.fr\/index.php?rest_route=\/wp\/v2\/pages\/4850","targetHints":{"allow":["GET"]}}],"collection":[{"href":"https:\/\/www.gace.fr\/index.php?rest_route=\/wp\/v2\/pages"}],"about":[{"href":"https:\/\/www.gace.fr\/index.php?rest_route=\/wp\/v2\/types\/page"}],"author":[{"embeddable":true,"href":"https:\/\/www.gace.fr\/index.php?rest_route=\/wp\/v2\/users\/10"}],"replies":[{"embeddable":true,"href":"https:\/\/www.gace.fr\/index.php?rest_route=%2Fwp%2Fv2%2Fcomments&post=4850"}],"version-history":[{"count":38,"href":"https:\/\/www.gace.fr\/index.php?rest_route=\/wp\/v2\/pages\/4850\/revisions"}],"predecessor-version":[{"id":10473,"href":"https:\/\/www.gace.fr\/index.php?rest_route=\/wp\/v2\/pages\/4850\/revisions\/10473"}],"wp:attachment":[{"href":"https:\/\/www.gace.fr\/index.php?rest_route=%2Fwp%2Fv2%2Fmedia&parent=4850"}],"curies":[{"name":"wp","href":"https:\/\/api.w.org\/{rel}","templated":true}]}}