{"id":721,"date":"2011-02-22T11:17:44","date_gmt":"2011-02-22T11:17:44","guid":{"rendered":"http:\/\/www.gace.fr\/?page_id=721"},"modified":"2020-06-16T08:38:09","modified_gmt":"2020-06-16T08:38:09","slug":"vie-municipale-2","status":"publish","type":"page","link":"https:\/\/www.gace.fr\/?page_id=721","title":{"rendered":"Vie municipale"},"content":{"rendered":"<blockquote>\n<h3 style=\"text-align: justify;\">\u00a0<span style=\"color: #993366;\">La Ville de Gac\u00e9<\/span><\/h3>\n<\/blockquote>\n<div style=\"text-align: justify;\"><span style=\"color: #993366;\">\u00a0<\/span><\/div>\n<p style=\"text-align: justify;\"><strong><span style=\"color: #993366;\">\u00a0<\/span>Aux portes du Pays d\u2019Auge, la Ville de Gac\u00e9 vous accueille dans un cadre de verdure, avec\u00a0ses prairies, ses haies bocag\u00e8res et ses for\u00eats. C&rsquo;est une r\u00e9gion forte de son environnement, de son tourisme, de ses diverses productions agroalimentaires, commerciales et industrielles et riche de son pass\u00e9.<\/strong><\/p>\n<p><strong>Le ch\u00e2teau, belle b\u00e2tisse des XII\u00e8me et XV\u00e8me si\u00e8cles, abrite aujourd&rsquo;hui la Mairie, les services de la Communaut\u00e9 de Communes de la r\u00e9gion de Gac\u00e9 et le mus\u00e9e de\u00a0\u00ab\u00a0la Dame aux Cam\u00e9lias\u00a0\u00bb. Ce ch\u00e2teau, ce mus\u00e9e, les animations culturelles, le centre socio-culturel, les commerces, le camping, l&rsquo;aire de camping-car, les h\u00f4tels-restaurants, les g\u00eetes, le march\u00e9 hebdomadaire du samedi apr\u00e8s-midi, les\u00a0sentiers de randonn\u00e9e (p\u00e9destres, VTT, \u00e9quitation), les parcours de p\u00eache \u00e0 la truite au long de la Touques, permettent aux\u00a0touristes de d\u00e9couvrir les richesses et le cadre de vie de la cit\u00e9 et du canton.\u00a0<\/strong><strong>\u00a0<\/strong><\/p>\n<p><strong>De nombreuses associations locales offrent un large choix pour pratiquer des activit\u00e9s de loisirs,\u00a0sportives ou\u00a0culturelles. De nouveaux \u00e9quipements viendront r\u00e9pondre dans quelques mois aux attentes des habitants.<\/strong><\/p>\n<p><strong>Les zones d&rsquo;activit\u00e9s de Gac\u00e9, Coulmer et Croisilles accueillent des entreprises industrielles et agroalimentaires dynamiques. La proximit\u00e9 de l&rsquo;autoroute A28 et l&rsquo;\u00e9changeur de Gac\u00e9 confortent l&rsquo;attractivit\u00e9 de cette zone.\u00a0<\/strong><strong>\u00a0<\/strong><\/p>\n<p><strong>Gac\u00e9, aujourd&rsquo;hui, se tourne vers l&rsquo;avenir.\u00a0<\/strong><strong>\u00a0<\/strong><\/p>\n<p><strong>L&rsquo;ambition prioritaire de notre ville s&rsquo;articule autour de l&#8217;emploi, de l&rsquo;am\u00e9lioration du cadre de vie, de la vie associative, du tourisme et de la culture. <\/strong><\/p>\n<p><strong>Si Gac\u00e9 vous attire pour une visite ou une installation, n&rsquo;h\u00e9sitez pas\u00a0\u00e0 contacter les services de la Mairie et je vous laisse d\u00e9couvrir notre site internet pour de plus amples renseignements.\u00a0 <\/strong><\/p>\n<p style=\"text-align: right;\"><strong>\u00a0<\/strong><\/p>\n<p style=\"text-align: right;\"><strong>\u00a0<\/strong><strong>\u00a0<\/strong><\/p>\n<p style=\"text-align: right;\"><strong>\u00a0 <\/strong><strong>\u00a0<\/strong><strong>\u00a0<\/strong><\/p>\n<p style=\"text-align: center;\"><strong>\u00a0\u00a0\u00a0\u00a0 <\/strong><strong>\u00a0 <\/strong><strong>\u00a0<\/strong><strong>\u00a0<\/strong><\/p>\n<p><strong>\u00a0 <\/strong><strong>\u00a0<\/strong><strong>\u00a0<\/strong><\/p>\n<p><strong>\u00a0 <\/strong><strong>\u00a0<\/strong><strong>\u00a0<\/strong><\/p>\n","protected":false},"excerpt":{"rendered":"<p>\u00a0La Ville de Gac\u00e9 \u00a0 \u00a0Aux portes du Pays d\u2019Auge, la Ville de Gac\u00e9 vous accueille dans un cadre de verdure, avec\u00a0ses prairies, ses haies bocag\u00e8res et ses for\u00eats. C&rsquo;est une r\u00e9gion forte de son environnement, de son tourisme, de ses diverses productions agroalimentaires, commerciales et industrielles et riche de son pass\u00e9. Le ch\u00e2teau, belle &hellip; <\/p>\n<p><a class=\"more-link btn\" href=\"https:\/\/www.gace.fr\/?page_id=721\">Lire la suite<\/a><\/p>\n","protected":false},"author":10,"featured_media":0,"parent":0,"menu_order":20,"comment_status":"closed","ping_status":"closed","template":"template-onecolumn.php","meta":{"footnotes":""},"class_list":["post-721","page","type-page","status-publish","hentry","nodate","item-wrap"],"_links":{"self":[{"href":"https:\/\/www.gace.fr\/index.php?rest_route=\/wp\/v2\/pages\/721","targetHints":{"allow":["GET"]}}],"collection":[{"href":"https:\/\/www.gace.fr\/index.php?rest_route=\/wp\/v2\/pages"}],"about":[{"href":"https:\/\/www.gace.fr\/index.php?rest_route=\/wp\/v2\/types\/page"}],"author":[{"embeddable":true,"href":"https:\/\/www.gace.fr\/index.php?rest_route=\/wp\/v2\/users\/10"}],"replies":[{"embeddable":true,"href":"https:\/\/www.gace.fr\/index.php?rest_route=%2Fwp%2Fv2%2Fcomments&post=721"}],"version-history":[{"count":17,"href":"https:\/\/www.gace.fr\/index.php?rest_route=\/wp\/v2\/pages\/721\/revisions"}],"predecessor-version":[{"id":7572,"href":"https:\/\/www.gace.fr\/index.php?rest_route=\/wp\/v2\/pages\/721\/revisions\/7572"}],"wp:attachment":[{"href":"https:\/\/www.gace.fr\/index.php?rest_route=%2Fwp%2Fv2%2Fmedia&parent=721"}],"curies":[{"name":"wp","href":"https:\/\/api.w.org\/{rel}","templated":true}]}}