{"id":790,"date":"2011-03-17T10:00:43","date_gmt":"2011-03-17T10:00:43","guid":{"rendered":"http:\/\/www.gace.fr\/?page_id=790"},"modified":"2024-04-30T14:43:34","modified_gmt":"2024-04-30T14:43:34","slug":"enseignement","status":"publish","type":"page","link":"https:\/\/www.gace.fr\/?page_id=790","title":{"rendered":"Enseignement"},"content":{"rendered":"<table border=\"1\" cellspacing=\"0\" cellpadding=\"0\">\n<tbody>\n<tr>\n<td colspan=\"2\" valign=\"top\" width=\"614\">\n<h2 style=\"text-align: center;\"><strong><span style=\"color: #3366ff;\"><span style=\"text-decoration: underline;\">LES COLLEGES<\/span><\/span><\/strong><\/h2>\n<\/td>\n<\/tr>\n<tr>\n<td valign=\"top\" width=\"307\"><strong>Coll\u00e8ge Jean Moulin \u00ab\u00a0Public\u00a0\u00bb<\/strong><\/p>\n<p>Monsieur PITARD Laurent<\/p>\n<p>Route de la Chapelle<\/p>\n<p>61230 GACE<\/p>\n<p>Email : ce.0610958k@ac-caen.fr<\/p>\n<p>T\u00e8l : 02-33-12-45-50<\/td>\n<td valign=\"top\" width=\"307\"><strong>Coll\u00e8ge Tr\u00e9garo \u00ab\u00a0Priv\u00e9\u00a0\u00bb<\/strong><\/p>\n<p>Monsieur Guillaume POTTIER<\/p>\n<p>Boulevard de la Gare<\/p>\n<p>61230 GACE<\/p>\n<p>Email : ecole.tregaro@orange.fr<\/p>\n<p>T\u00e8l : 02-33-35-50-41<\/td>\n<\/tr>\n<tr>\n<td colspan=\"2\" valign=\"top\" width=\"614\">\n<h2 style=\"text-align: center;\"><strong><span style=\"color: #3366ff;\"><span style=\"text-decoration: underline;\">LES ECOLES<\/span><\/span><\/strong><\/h2>\n<\/td>\n<\/tr>\n<tr>\n<td valign=\"top\" width=\"307\"><strong>P\u00f4le Scolaire Edgar Degas \u00ab\u00a0Publique\u00a0\u00bb<\/strong><\/p>\n<p><strong>Ecole Primaire\/maternelle<\/strong><\/p>\n<p>Madame Ingrid LECOCQ<\/p>\n<p>Route d\u2019Orl\u00e9ans<\/p>\n<p>61230 GACE<\/p>\n<p>T\u00e8l : 02-33-35-50-22<\/p>\n<p>T\u00e9l :\u00a0<span style=\"font-family: inherit; font-size: inherit; background-color: transparent;\">02-33-35-61-68<\/span><\/p>\n<p>Email : ce.0610473h@ac-caen.fr<\/td>\n<td valign=\"top\" width=\"307\"><strong>Ecole\u00a0 \u00a0Ange Gardien \/ Sainte Th\u00e9r\u00e8se \u00ab Priv\u00e9e \u00bb<\/strong><\/p>\n<p>Madame ANDR\u00c9 Caroline<\/p>\n<p>Boulevard de la Gare<\/p>\n<p>61230 GACE<\/p>\n<p>T\u00e9l. : 02-33-35-53-12 (matin)<\/p>\n<p>ou 06-45-64-04-48 (journ\u00e9e)<\/p>\n<p>Email : ange-gardien-ste-therese@orange.fr<\/p>\n<p><span style=\"color: #ff0000;\"><em><strong><a href=\"https:\/\/www.gace.fr\/wp-content\/uploads\/SCAN-3408.pdf\">Cliquez ici pour visualiser la plaquette de l&rsquo;Ecole<\/a><\/strong><\/em><\/span><\/td>\n<\/tr>\n<tr>\n<td valign=\"top\" width=\"307\"><\/td>\n<td valign=\"top\" width=\"307\"><\/td>\n<\/tr>\n<\/tbody>\n<\/table>\n","protected":false},"excerpt":{"rendered":"<p>LES COLLEGES Coll\u00e8ge Jean Moulin \u00ab\u00a0Public\u00a0\u00bb Monsieur PITARD Laurent Route de la Chapelle 61230 GACE Email : ce.0610958k@ac-caen.fr T\u00e8l : 02-33-12-45-50 Coll\u00e8ge Tr\u00e9garo \u00ab\u00a0Priv\u00e9\u00a0\u00bb Monsieur Guillaume POTTIER Boulevard de la Gare 61230 GACE Email : ecole.tregaro@orange.fr T\u00e8l : 02-33-35-50-41 LES ECOLES P\u00f4le Scolaire Edgar Degas \u00ab\u00a0Publique\u00a0\u00bb Ecole Primaire\/maternelle Madame Ingrid LECOCQ Route d\u2019Orl\u00e9ans 61230 GACE &hellip; <\/p>\n<p><a class=\"more-link btn\" href=\"https:\/\/www.gace.fr\/?page_id=790\">Lire la suite<\/a><\/p>\n","protected":false},"author":10,"featured_media":0,"parent":792,"menu_order":3,"comment_status":"closed","ping_status":"closed","template":"","meta":{"footnotes":""},"class_list":["post-790","page","type-page","status-publish","hentry","nodate","item-wrap"],"_links":{"self":[{"href":"https:\/\/www.gace.fr\/index.php?rest_route=\/wp\/v2\/pages\/790","targetHints":{"allow":["GET"]}}],"collection":[{"href":"https:\/\/www.gace.fr\/index.php?rest_route=\/wp\/v2\/pages"}],"about":[{"href":"https:\/\/www.gace.fr\/index.php?rest_route=\/wp\/v2\/types\/page"}],"author":[{"embeddable":true,"href":"https:\/\/www.gace.fr\/index.php?rest_route=\/wp\/v2\/users\/10"}],"replies":[{"embeddable":true,"href":"https:\/\/www.gace.fr\/index.php?rest_route=%2Fwp%2Fv2%2Fcomments&post=790"}],"version-history":[{"count":28,"href":"https:\/\/www.gace.fr\/index.php?rest_route=\/wp\/v2\/pages\/790\/revisions"}],"predecessor-version":[{"id":853,"href":"https:\/\/www.gace.fr\/index.php?rest_route=\/wp\/v2\/pages\/790\/revisions\/853"}],"up":[{"embeddable":true,"href":"https:\/\/www.gace.fr\/index.php?rest_route=\/wp\/v2\/pages\/792"}],"wp:attachment":[{"href":"https:\/\/www.gace.fr\/index.php?rest_route=%2Fwp%2Fv2%2Fmedia&parent=790"}],"curies":[{"name":"wp","href":"https:\/\/api.w.org\/{rel}","templated":true}]}}