{"id":801,"date":"2011-03-17T10:04:03","date_gmt":"2011-03-17T10:04:03","guid":{"rendered":"http:\/\/www.gace.fr\/?page_id=801"},"modified":"2023-12-28T10:20:26","modified_gmt":"2023-12-28T10:20:26","slug":"sports-et-loisirs","status":"publish","type":"page","link":"https:\/\/www.gace.fr\/?page_id=801","title":{"rendered":"Sports et Loisirs"},"content":{"rendered":"<p>&nbsp;<\/p>\n<h2 style=\"text-align: center;\"><span style=\"color: #3366ff;\"><img loading=\"lazy\" decoding=\"async\" class=\"size-medium wp-image-5888 alignleft\" src=\"https:\/\/www.gace.fr\/wp-content\/uploads\/piscine-gace-300x204.jpg\" alt=\"\" width=\"300\" height=\"204\" \/>La Piscine Intercommunale des Vall\u00e9es d&rsquo;Auge et du Merlerault R\u00e9gion de Gac\u00e9<\/span><\/h2>\n<h5 style=\"text-align: center;\"><span style=\"color: #800000; text-decoration: underline; font-size: 24pt;\"><strong>FERM\u00c9E depuis fin 2021\u00a0<\/strong><\/span><\/h5>\n<h5 style=\"text-align: center;\">CDC bureaux de Vimoutiers : 02.33.67.54.85<span style=\"color: #ffffff;\"><strong>r<\/strong><\/span><\/h5>\n<div style=\"text-align: center;\"><\/div>\n","protected":false},"excerpt":{"rendered":"<p>&nbsp; La Piscine Intercommunale des Vall\u00e9es d&rsquo;Auge et du Merlerault R\u00e9gion de Gac\u00e9 FERM\u00c9E depuis fin 2021\u00a0 CDC bureaux de Vimoutiers : 02.33.67.54.85r<\/p>\n","protected":false},"author":10,"featured_media":0,"parent":0,"menu_order":90,"comment_status":"closed","ping_status":"closed","template":"","meta":{"footnotes":""},"class_list":["post-801","page","type-page","status-publish","hentry","nodate","item-wrap"],"_links":{"self":[{"href":"https:\/\/www.gace.fr\/index.php?rest_route=\/wp\/v2\/pages\/801","targetHints":{"allow":["GET"]}}],"collection":[{"href":"https:\/\/www.gace.fr\/index.php?rest_route=\/wp\/v2\/pages"}],"about":[{"href":"https:\/\/www.gace.fr\/index.php?rest_route=\/wp\/v2\/types\/page"}],"author":[{"embeddable":true,"href":"https:\/\/www.gace.fr\/index.php?rest_route=\/wp\/v2\/users\/10"}],"replies":[{"embeddable":true,"href":"https:\/\/www.gace.fr\/index.php?rest_route=%2Fwp%2Fv2%2Fcomments&post=801"}],"version-history":[{"count":26,"href":"https:\/\/www.gace.fr\/index.php?rest_route=\/wp\/v2\/pages\/801\/revisions"}],"predecessor-version":[{"id":9953,"href":"https:\/\/www.gace.fr\/index.php?rest_route=\/wp\/v2\/pages\/801\/revisions\/9953"}],"wp:attachment":[{"href":"https:\/\/www.gace.fr\/index.php?rest_route=%2Fwp%2Fv2%2Fmedia&parent=801"}],"curies":[{"name":"wp","href":"https:\/\/api.w.org\/{rel}","templated":true}]}}