{"id":813,"date":"2011-03-17T10:14:04","date_gmt":"2011-03-17T10:14:04","guid":{"rendered":"http:\/\/www.gace.fr\/?page_id=813"},"modified":"2026-03-24T10:17:22","modified_gmt":"2026-03-24T10:17:22","slug":"les-commissions","status":"publish","type":"page","link":"https:\/\/www.gace.fr\/?page_id=813","title":{"rendered":"Les Commissions"},"content":{"rendered":"<h3 style=\"text-align: center;\"><strong><span style=\"color: #3366ff; text-decoration: underline;\">COMMISSIONS MUNICIPALES<\/span><\/strong><\/h3>\n<p>&nbsp;<\/p>\n<h2><span style=\"color: #333399;\"><strong>1\u00e8re commission : Finances et Prospectives<\/strong><\/span><\/h2>\n<h3><span style=\"color: #333399;\"><strong><span style=\"text-decoration: underline;\">P<\/span><\/strong><strong><span style=\"text-decoration: underline;\">r\u00e9sident<\/span> <\/strong>: SALMON Marc<\/span><\/h3>\n<p><strong><span style=\"color: #0000ff;\">Cette commission contr\u00f4le les r\u00e9sultats financiers de la ville (commune, C.C.A.S, &#8230;) et pr\u00e9pare les budgets de l&rsquo;ann\u00e9e \u00e0 venir. Elle travaille \u00e9galement au niveau de la fiscalit\u00e9 et des emprunts.<\/span><\/strong><\/p>\n<p><span style=\"color: #333399;\"><strong><span style=\"text-decoration: underline;\">Membres<\/span><\/strong> : en cours<\/span><\/p>\n<p>&nbsp;<\/p>\n<h2><span style=\"color: #333399;\"><strong>2\u00e8me\u00a0commission : Gestion de l&rsquo;habitat &#8211; Accessibilit\u00e9 &#8211; S\u00e9curit\u00e9 &#8211; Vie des quartiers &#8211; Participation citoyenne &#8211; A\u00een\u00e9s &#8211; Jeunesse<\/strong><\/span><\/h2>\n<h3><span style=\"color: #333399;\"><span style=\"text-decoration: underline;\"><strong>P<\/strong><strong>r\u00e9sident <\/strong><\/span>: SALMON Marc<\/span><\/h3>\n<p><span style=\"color: #0000ff;\"><strong>Cette commission est charg\u00e9e des questions relatives au logement, \u00e0 la vie dans les quartiers, \u00e0 l&rsquo;accessibilit\u00e9, du d\u00e9veloppement de la s\u00e9curit\u00e9 communale. Elle aura \u00e9galement en charge les actions en faveur des a\u00een\u00e9s, r\u00e9flexion et mise en \u0153uvre d&rsquo;action pour la jeunesse. Elle est charg\u00e9e d&rsquo;\u00eatre en contact avec les associations de retrait\u00e9s et parents d&rsquo;\u00e9l\u00e8ves.<\/strong><\/span><\/p>\n<p><span style=\"color: #333399;\"><strong>Membres<\/strong> :en cours<\/span><\/p>\n<h2><span style=\"color: #333399;\"><strong>3\u00e8me\u00a0commission : Travaux &#8211; Voirie &#8211; B\u00e2timents publics &#8211;\u00a0Assainissement Collectif &#8211; Patrimoine &#8211; Illumination <\/strong><\/span><\/h2>\n<h3><span style=\"color: #333399;\"><strong>P<\/strong><strong>r\u00e9sident <\/strong>: SALMON Marc<\/span><\/h3>\n<p><span style=\"color: #0000ff;\"><strong>Cette commission est charg\u00e9e des travaux d&rsquo;investissement dans les diff\u00e9rents b\u00e2timents communaux ou propri\u00e9t\u00e9s de la commune, du suivi des diff\u00e9rents contrats de maintenance dans les locaux, de proposer les petits travaux rendus n\u00e9cessaires dans le cadre de l&rsquo;entretien courant des b\u00e2timents communaux ou propri\u00e9t\u00e9s de la commune, num\u00e9rotation et d\u00e9nomination des voies. Elle est charg\u00e9e de la gestion et de la mise en place des illuminations lors des f\u00eates de fin d&rsquo;ann\u00e9es.<\/strong><\/span><\/p>\n<p><span style=\"color: #333399;\"><strong>Membres : <\/strong>en cours<\/span><\/p>\n<h2><span style=\"color: #333399;\">4\u00e8me commission : Associations &#8211; Ev\u00e8nements &#8211; Cadre de vie &#8211; March\u00e9 &#8211; Camping &#8211; Communication <\/span><\/h2>\n<h3><span style=\"color: #333399;\"><strong>P<\/strong><strong>r\u00e9sident <\/strong>: <strong>SALMON Marc<\/strong><\/span><\/h3>\n<p><span style=\"color: #0000ff;\"><strong>Cette commission est charg\u00e9e de traiter les dossiers relatifs aux \u00e9v\u00e8nements sur la commune, ainsi qu&rsquo;\u00e0 la gestion de la vie associative. Elle r\u00e9fl\u00e9chit \u00e0 la communication externe et interne de la Ville, du fonctionnement du camping, tourisme, du march\u00e9. Elle est charg\u00e9e de l&#8217;embellissement de la commune (am\u00e9nagement paysager, entretien des espaces verts et fleurissement).<\/strong><\/span><\/p>\n<p><span style=\"color: #333399;\"><strong>Membres\u00a0 <\/strong>: en cours<\/span><\/p>\n<p>&nbsp;<\/p>\n<p>&nbsp;<\/p>\n<p>&nbsp;<\/p>\n<p>&nbsp;<\/p>\n","protected":false},"excerpt":{"rendered":"<p>COMMISSIONS MUNICIPALES &nbsp; 1\u00e8re commission : Finances et Prospectives Pr\u00e9sident : SALMON Marc Cette commission contr\u00f4le les r\u00e9sultats financiers de la ville (commune, C.C.A.S, &#8230;) et pr\u00e9pare les budgets de l&rsquo;ann\u00e9e \u00e0 venir. Elle travaille \u00e9galement au niveau de la fiscalit\u00e9 et des emprunts. Membres : en cours &nbsp; 2\u00e8me\u00a0commission : Gestion de l&rsquo;habitat &#8211; &hellip; <\/p>\n<p><a class=\"more-link btn\" href=\"https:\/\/www.gace.fr\/?page_id=813\">Lire la suite<\/a><\/p>\n","protected":false},"author":10,"featured_media":0,"parent":721,"menu_order":3,"comment_status":"closed","ping_status":"closed","template":"template-onecolumn.php","meta":{"footnotes":""},"class_list":["post-813","page","type-page","status-publish","hentry","nodate","item-wrap"],"_links":{"self":[{"href":"https:\/\/www.gace.fr\/index.php?rest_route=\/wp\/v2\/pages\/813","targetHints":{"allow":["GET"]}}],"collection":[{"href":"https:\/\/www.gace.fr\/index.php?rest_route=\/wp\/v2\/pages"}],"about":[{"href":"https:\/\/www.gace.fr\/index.php?rest_route=\/wp\/v2\/types\/page"}],"author":[{"embeddable":true,"href":"https:\/\/www.gace.fr\/index.php?rest_route=\/wp\/v2\/users\/10"}],"replies":[{"embeddable":true,"href":"https:\/\/www.gace.fr\/index.php?rest_route=%2Fwp%2Fv2%2Fcomments&post=813"}],"version-history":[{"count":24,"href":"https:\/\/www.gace.fr\/index.php?rest_route=\/wp\/v2\/pages\/813\/revisions"}],"predecessor-version":[{"id":11255,"href":"https:\/\/www.gace.fr\/index.php?rest_route=\/wp\/v2\/pages\/813\/revisions\/11255"}],"up":[{"embeddable":true,"href":"https:\/\/www.gace.fr\/index.php?rest_route=\/wp\/v2\/pages\/721"}],"wp:attachment":[{"href":"https:\/\/www.gace.fr\/index.php?rest_route=%2Fwp%2Fv2%2Fmedia&parent=813"}],"curies":[{"name":"wp","href":"https:\/\/api.w.org\/{rel}","templated":true}]}}