{"id":816,"date":"2011-03-17T10:15:27","date_gmt":"2011-03-17T10:15:27","guid":{"rendered":"http:\/\/www.gace.fr\/?page_id=816"},"modified":"2020-01-13T07:50:41","modified_gmt":"2020-01-13T07:50:41","slug":"le-magazine","status":"publish","type":"page","link":"https:\/\/www.gace.fr\/?page_id=816","title":{"rendered":"Le Bulletin Municipal"},"content":{"rendered":"<p>&nbsp;<\/p>\n<p><span style=\"color: orangered; font-family: Verdana; font-size: 12pt;\"><strong>BULLETINS MUNICIPAUX<\/strong><\/span><\/p>\n<p><span style=\"font-family: Verdana; font-size: 10pt;\"><strong>La Mairie de\u00a0Gac\u00e9 vous propose d\u00e9sormais de t\u00e9l\u00e9charger au format PDF les bulletins municipaux. <\/strong><\/span><\/p>\n<p><span style=\"font-size: 10pt;\"><strong><span style=\"font-family: Verdana;\">Cette innovation vous permet de d\u00e9couvrir votre commune et les \u00e9v\u00e8nements qui s&rsquo;y sont d\u00e9roul\u00e9s au fil des ann\u00e9es. <\/span><span style=\"font-family: Verdana;\">Nous esp\u00e9rons que vous puissiez y trouver toutes les informations que vous d\u00e9sirez.<\/span><\/strong><\/span><\/p>\n<p><span style=\"font-family: Verdana; font-size: 10pt;\">\u00a0<\/span><\/p>\n<p><span style=\"font-family: Verdana; font-size: 12pt;\"><strong><span style=\"text-decoration: underline;\"><span style=\"color: darkgoldenrod; text-decoration: underline;\">Proc\u00e9d\u00e9 de t\u00e9l\u00e9chargement des bulletins :<\/span><\/span> <\/strong><\/span><\/p>\n<p><span style=\"font-size: 10pt;\"><strong><span style=\"font-family: Verdana;\">Il vous suffit de cliquer sur la photo ou le titre du bulletin choisi. Le t\u00e9l\u00e9chargement commencera automatiquement et le contenu appara\u00eetra rapidement sur votre \u00e9cran, selon votre type de connexion internet.<br \/>\n<\/span><span style=\"font-family: Verdana;\">Vous pouvez les consulter avec une qualit\u00e9 de lecture tr\u00e8s convenable.<\/span><\/strong><\/span><\/p>\n<p><!-- x-tinymce\/html --><\/p>\n<h3 style=\"text-align: center;\"><\/h3>\n<h3 style=\"text-align: center;\"><a href=\"https:\/\/www.gace.fr\/wp-content\/uploads\/BM-Gace_-2019.pdf\"><span style=\"color: #ff00ff; text-decoration: underline;\"><strong>D\u00e9cembre 2019<\/strong><\/span><\/a><\/h3>\n<p><a href=\"https:\/\/www.gace.fr\/wp-content\/uploads\/BM-Gace_-2019.pdf\"><img loading=\"lazy\" decoding=\"async\" class=\"aligncenter wp-image-7376 size-medium\" src=\"https:\/\/www.gace.fr\/wp-content\/uploads\/SCAN-0832-212x300.jpg\" alt=\"\" width=\"212\" height=\"300\" srcset=\"https:\/\/www.gace.fr\/wp-content\/uploads\/SCAN-0832-212x300.jpg 212w, https:\/\/www.gace.fr\/wp-content\/uploads\/SCAN-0832-396x560.jpg 396w, https:\/\/www.gace.fr\/wp-content\/uploads\/SCAN-0832-768x1086.jpg 768w, https:\/\/www.gace.fr\/wp-content\/uploads\/SCAN-0832-1086x1536.jpg 1086w, https:\/\/www.gace.fr\/wp-content\/uploads\/SCAN-0832-1448x2048.jpg 1448w, https:\/\/www.gace.fr\/wp-content\/uploads\/SCAN-0832-scaled.jpg 1810w\" sizes=\"auto, (max-width: 212px) 100vw, 212px\" \/><\/a><\/p>\n<h3 style=\"text-align: center;\"><a href=\"https:\/\/www.gace.fr\/wp-content\/uploads\/GACE-BM-2018-Basse-definition.pdf\"><span style=\"color: #ff00ff; text-decoration: underline;\"><strong>D\u00e9cembre 2018<\/strong><\/span><\/a><a href=\"https:\/\/www.gace.fr\/wp-content\/uploads\/GACE-BM-2018-Basse-definition.pdf\" target=\"_blank\" rel=\"noopener noreferrer\"><img loading=\"lazy\" decoding=\"async\" class=\"size-medium wp-image-6911 aligncenter\" src=\"https:\/\/www.gace.fr\/wp-content\/uploads\/68833-1-212x300.jpg\" alt=\"\" width=\"212\" height=\"300\" srcset=\"https:\/\/www.gace.fr\/wp-content\/uploads\/68833-1-212x300.jpg 212w, https:\/\/www.gace.fr\/wp-content\/uploads\/68833-1-768x1086.jpg 768w, https:\/\/www.gace.fr\/wp-content\/uploads\/68833-1-396x560.jpg 396w\" sizes=\"auto, (max-width: 212px) 100vw, 212px\" \/><\/a><\/h3>\n<h3 style=\"text-align: center;\"><span style=\"color: #ff00ff; text-decoration: underline;\"><strong>D\u00e9cembre 2017<\/strong><\/span><\/h3>\n<p style=\"text-align: center;\"><span style=\"font-family: Verdana; color: orangered; font-size: large;\"><strong><a href=\"https:\/\/www.gace.fr\/wp-content\/uploads\/GACE-BM-2017-BD.pdf\"><img loading=\"lazy\" decoding=\"async\" class=\"alignnone size-medium wp-image-6284\" src=\"https:\/\/www.gace.fr\/wp-content\/uploads\/51986-1-212x300.jpg\" alt=\"\" width=\"212\" height=\"300\" srcset=\"https:\/\/www.gace.fr\/wp-content\/uploads\/51986-1-212x300.jpg 212w, https:\/\/www.gace.fr\/wp-content\/uploads\/51986-1-768x1086.jpg 768w, https:\/\/www.gace.fr\/wp-content\/uploads\/51986-1-396x560.jpg 396w\" sizes=\"auto, (max-width: 212px) 100vw, 212px\" \/><\/a><\/strong><\/span><\/p>\n<h3 style=\"text-align: center;\"><span style=\"color: #ff00ff; text-decoration: underline;\"><strong>D\u00e9cembre 2016<\/strong><\/span><\/h3>\n<p><a href=\"https:\/\/www.gace.fr\/wp-content\/uploads\/GACE-BM-2016-web.pdf\"><img loading=\"lazy\" decoding=\"async\" class=\"alignnone size-medium wp-image-5810 aligncenter\" src=\"https:\/\/www.gace.fr\/wp-content\/uploads\/39762-1-212x300.jpg\" alt=\"\" width=\"212\" height=\"300\" \/><\/a><\/p>\n<h3 style=\"text-align: center;\"><span style=\"color: #ff00ff; text-decoration: underline;\"><strong>D\u00e9cembre 2015<\/strong><\/span><\/h3>\n<p style=\"text-align: center;\"><a href=\"https:\/\/www.gace.fr\/wp-content\/uploads\/GACE-BM-2015-web.pdf\" rel=\"attachment wp-att-4983\"><img loading=\"lazy\" decoding=\"async\" class=\"alignnone size-medium wp-image-4983\" src=\"https:\/\/www.gace.fr\/wp-content\/uploads\/53059-1-212x300.jpg\" alt=\"53059-1\" width=\"212\" height=\"300\" srcset=\"https:\/\/www.gace.fr\/wp-content\/uploads\/53059-1-212x300.jpg 212w, https:\/\/www.gace.fr\/wp-content\/uploads\/53059-1-768x1086.jpg 768w, https:\/\/www.gace.fr\/wp-content\/uploads\/53059-1-396x560.jpg 396w\" sizes=\"auto, (max-width: 212px) 100vw, 212px\" \/><\/a><\/p>\n<h3 style=\"text-align: center;\"><span style=\"color: #ff00ff; text-decoration: underline;\"><strong>D\u00e9cembre 2014<\/strong><\/span><\/h3>\n<p>&nbsp;<\/p>\n<p><a href=\"https:\/\/www.gace.fr\/wp-content\/uploads\/GACE-BM-2014-web.pdf\"><img loading=\"lazy\" decoding=\"async\" class=\"size-medium wp-image-4071 aligncenter\" src=\"https:\/\/www.gace.fr\/wp-content\/uploads\/BM2014-212x300.jpg\" alt=\"BM2014\" width=\"212\" height=\"300\" \/><\/a><\/p>\n<h3 style=\"text-align: center;\"><\/h3>\n<h3 style=\"text-align: center;\"><span style=\"color: #ff00ff; text-decoration: underline;\"><strong>D\u00e9cembre 2013<\/strong><\/span><\/h3>\n<p style=\"text-align: center;\">\u00a0<a href=\"https:\/\/www.gace.fr\/wp-content\/uploads\/Bulletin-Municipal-2013.pdf\" target=\"_blank\" rel=\"noopener noreferrer\"><img loading=\"lazy\" decoding=\"async\" class=\"alignnone size-full wp-image-3391\" src=\"https:\/\/www.gace.fr\/wp-content\/uploads\/BM-2013.jpg\" alt=\"BM 2013\" width=\"212\" height=\"300\" \/><\/a><\/p>\n<p>&nbsp;<\/p>\n<h3 style=\"text-align: center;\"><span style=\"color: #ff00ff; text-decoration: underline;\"><strong>Novembre 2012<\/strong> <\/span><\/h3>\n<h3 style=\"text-align: center;\"><span style=\"color: #ff00ff; text-decoration: underline;\"><strong><span style=\"font-family: Verdana; color: orangered; font-size: large; text-decoration: underline;\"><strong><a title=\"bulletin municipal 2012\" href=\"https:\/\/www.gace.fr\/wp-content\/uploads\/Bulletin-Municipal-20121.pdf\" target=\"_blank\" rel=\"noopener noreferrer\"><img loading=\"lazy\" decoding=\"async\" class=\"size-full wp-image-2817\" title=\"Bulletin 2012\" src=\"https:\/\/www.gace.fr\/wp-content\/uploads\/Bulletin-20121.gif\" alt=\"\" width=\"198\" height=\"250\" \/><\/a><\/strong><\/span><\/strong><\/span><\/h3>\n<h3 style=\"text-align: center;\"><\/h3>\n<h3 style=\"text-align: center;\"><span style=\"color: #ff00ff; text-decoration: underline;\"><strong>Juillet 2011<\/strong> <\/span><\/h3>\n<h3 style=\"text-align: center;\"><span style=\"color: #ff00ff; text-decoration: underline;\"><a href=\"https:\/\/www.gace.fr\/wp-content\/uploads\/Juillet-2011.pdf\" target=\"_blank\" rel=\"noopener noreferrer\"><img loading=\"lazy\" decoding=\"async\" class=\"aligncenter size-full wp-image-1541\" title=\"BM 2011\" src=\"https:\/\/www.gace.fr\/wp-content\/uploads\/BM-20111.gif\" alt=\"\" width=\"212\" height=\"300\" \/><\/a><\/span><\/h3>\n<h4 style=\"text-align: center;\"><\/h4>\n<p style=\"text-align: center;\"><span style=\"color: #ff00ff;\"><span style=\"text-decoration: underline;\"><span style=\"font-family: Verdana; font-size: medium;\"><strong>Juillet 2010<\/strong><\/span> <\/span><\/span><\/p>\n<p style=\"text-align: center;\"><a href=\"https:\/\/www.gace.fr\/wp-content\/uploads\/Bulletin-Municipal-Juillet-2010.pdf\" target=\"_blank\" rel=\"noopener noreferrer\"><img loading=\"lazy\" decoding=\"async\" class=\"size-medium wp-image-1084 aligncenter\" title=\"BMP1\" src=\"https:\/\/www.gace.fr\/wp-content\/uploads\/BMP12-212x300.gif\" alt=\"\" width=\"212\" height=\"300\" \/><\/a><\/p>\n<p>&nbsp;<\/p>\n<h3 style=\"text-align: center;\"><span style=\"color: #ff00ff; text-decoration: underline;\"><strong>Juillet 2009<\/strong><\/span><\/h3>\n<h3 style=\"text-align: center;\"><span style=\"color: #ff00ff;\"><span style=\"text-decoration: underline;\"><strong><a href=\"https:\/\/www.gace.fr\/wp-content\/uploads\/Bulletin-Municipal-juillet-2009.pdf\" target=\"_blank\" rel=\"noopener noreferrer\"><img loading=\"lazy\" decoding=\"async\" class=\"aligncenter wp-image-1089 size-full\" title=\"BM 2009\" src=\"https:\/\/www.gace.fr\/wp-content\/uploads\/BM-2009.gif\" alt=\"\" width=\"212\" height=\"300\" \/><\/a><\/strong><\/span><\/span><\/h3>\n","protected":false},"excerpt":{"rendered":"<p>&nbsp; BULLETINS MUNICIPAUX La Mairie de\u00a0Gac\u00e9 vous propose d\u00e9sormais de t\u00e9l\u00e9charger au format PDF les bulletins municipaux. Cette innovation vous permet de d\u00e9couvrir votre commune et les \u00e9v\u00e8nements qui s&rsquo;y sont d\u00e9roul\u00e9s au fil des ann\u00e9es. Nous esp\u00e9rons que vous puissiez y trouver toutes les informations que vous d\u00e9sirez. \u00a0 Proc\u00e9d\u00e9 de t\u00e9l\u00e9chargement des bulletins &hellip; <\/p>\n<p><a class=\"more-link btn\" href=\"https:\/\/www.gace.fr\/?page_id=816\">Lire la suite<\/a><\/p>\n","protected":false},"author":10,"featured_media":0,"parent":721,"menu_order":5,"comment_status":"closed","ping_status":"closed","template":"template-onecolumn.php","meta":{"footnotes":""},"class_list":["post-816","page","type-page","status-publish","hentry","nodate","item-wrap"],"_links":{"self":[{"href":"https:\/\/www.gace.fr\/index.php?rest_route=\/wp\/v2\/pages\/816","targetHints":{"allow":["GET"]}}],"collection":[{"href":"https:\/\/www.gace.fr\/index.php?rest_route=\/wp\/v2\/pages"}],"about":[{"href":"https:\/\/www.gace.fr\/index.php?rest_route=\/wp\/v2\/types\/page"}],"author":[{"embeddable":true,"href":"https:\/\/www.gace.fr\/index.php?rest_route=\/wp\/v2\/users\/10"}],"replies":[{"embeddable":true,"href":"https:\/\/www.gace.fr\/index.php?rest_route=%2Fwp%2Fv2%2Fcomments&post=816"}],"version-history":[{"count":44,"href":"https:\/\/www.gace.fr\/index.php?rest_route=\/wp\/v2\/pages\/816\/revisions"}],"predecessor-version":[{"id":7404,"href":"https:\/\/www.gace.fr\/index.php?rest_route=\/wp\/v2\/pages\/816\/revisions\/7404"}],"up":[{"embeddable":true,"href":"https:\/\/www.gace.fr\/index.php?rest_route=\/wp\/v2\/pages\/721"}],"wp:attachment":[{"href":"https:\/\/www.gace.fr\/index.php?rest_route=%2Fwp%2Fv2%2Fmedia&parent=816"}],"curies":[{"name":"wp","href":"https:\/\/api.w.org\/{rel}","templated":true}]}}